{"id":3473,"date":"2023-03-05T16:12:28","date_gmt":"2023-03-05T16:12:28","guid":{"rendered":"https:\/\/lesaccordsdechloe.com\/?post_type=product&#038;p=3473"},"modified":"2024-03-12T20:43:30","modified_gmt":"2024-03-12T20:43:30","slug":"pull-jody-kaki","status":"publish","type":"product","link":"https:\/\/lesaccordsdechloe.com\/index.php\/produit\/pull-jody-kaki\/","title":{"rendered":"Pull Jody Kaki"},"content":{"rendered":"<h3><strong>Taille<\/strong>\u00a0:<\/h3>\n<p>Longueur : 54 cm<br \/>\nTour de poitrine : 110 cm<br \/>\nEpaules : 45-50 cm<br \/>\nLe mannequin mesure 1m71.<br \/>\nIl convient pour les tailles 36, 38 et un petit 40.<\/p>\n<h3><strong>D\u00e9tails<\/strong>\u00a0:<\/h3>\n<p>Col rond<br \/>\nPull droit<br \/>\nManches resserr\u00e9es<br \/>\nManches 3\/4<\/p>\n<h3><strong>Coloris<\/strong>\u00a0:<\/h3>\n<p>Rose p\u00e2le<\/p>\n<h3><strong>Composition<\/strong> :<\/h3>\n<p><span class=\"ng-binding ng-scope\">50% Polyacrylique,\u00a0<\/span><span class=\"ng-binding ng-scope\">12% Polyamide,\u00a0<\/span><span class=\"ng-binding ng-scope\">9% Mohair,\u00a0<\/span><span class=\"ng-binding ng-scope\">20% Laine et <\/span><span class=\"ng-binding ng-scope\">9% Viscose<\/span><br \/>\nCr\u00e9ation fran\u00e7aise<\/p>\n<h3><strong>Entretien<\/strong>\u00a0:<\/h3>\n<p>Lavage \u00e0 la main, s\u00e8che-linge interdit<\/p>\n","protected":false},"excerpt":{"rendered":"<p>D\u00e9couvrez le pull Jody, sa teinte kaki id\u00e9ale pour cette saison s\u2019accommodera parfaitement avec les autres pi\u00e8ces de votre dressing. On jette notre d\u00e9volu sur ce pull qui apporte confort et style. Agr\u00e9able par son m\u00e9lange de laine et de mohair, porte-le avec notre jupe noire Clara.<\/p>\n","protected":false},"featured_media":3475,"comment_status":"open","ping_status":"closed","template":"","meta":{"_glsr_average":0,"_glsr_ranking":0,"_glsr_reviews":0},"product_cat":[126,143],"product_tag":[278,137,275],"_links":{"self":[{"href":"https:\/\/lesaccordsdechloe.com\/index.php\/wp-json\/wp\/v2\/product\/3473"}],"collection":[{"href":"https:\/\/lesaccordsdechloe.com\/index.php\/wp-json\/wp\/v2\/product"}],"about":[{"href":"https:\/\/lesaccordsdechloe.com\/index.php\/wp-json\/wp\/v2\/types\/product"}],"replies":[{"embeddable":true,"href":"https:\/\/lesaccordsdechloe.com\/index.php\/wp-json\/wp\/v2\/comments?post=3473"}],"wp:featuredmedia":[{"embeddable":true,"href":"https:\/\/lesaccordsdechloe.com\/index.php\/wp-json\/wp\/v2\/media\/3475"}],"wp:attachment":[{"href":"https:\/\/lesaccordsdechloe.com\/index.php\/wp-json\/wp\/v2\/media?parent=3473"}],"wp:term":[{"taxonomy":"product_cat","embeddable":true,"href":"https:\/\/lesaccordsdechloe.com\/index.php\/wp-json\/wp\/v2\/product_cat?post=3473"},{"taxonomy":"product_tag","embeddable":true,"href":"https:\/\/lesaccordsdechloe.com\/index.php\/wp-json\/wp\/v2\/product_tag?post=3473"}],"curies":[{"name":"wp","href":"https:\/\/api.w.org\/{rel}","templated":true}]}}