{"id":3467,"date":"2023-03-05T15:59:53","date_gmt":"2023-03-05T15:59:53","guid":{"rendered":"https:\/\/lesaccordsdechloe.com\/?post_type=product&#038;p=3467"},"modified":"2024-03-12T18:45:35","modified_gmt":"2024-03-12T18:45:35","slug":"jupe-courte-plissee-louise-fleurie","status":"publish","type":"product","link":"https:\/\/lesaccordsdechloe.com\/index.php\/produit\/jupe-courte-plissee-louise-fleurie\/","title":{"rendered":"Jupe courte pliss\u00e9e Louise fleurie"},"content":{"rendered":"<h3><strong>Taille<\/strong>\u00a0:<\/h3>\n<p>Longueur : 47 cm<br \/>\nTour de taille (min-max) : 62-95cm<br \/>\nLe mannequin mesure 1m71<br \/>\nCette TU correspond \u00e0 un 36\/38 et \u00e0 un petit 40.<\/p>\n<h3><strong>D\u00e9tails<\/strong>\u00a0:<\/h3>\n<p>Coupe fluide<br \/>\nDoublure<br \/>\nLongueur au dessus du genou<br \/>\nTaille \u00e9lastique<br \/>\nPliss\u00e9e<\/p>\n<h3><strong>Coloris<\/strong> :<\/h3>\n<p>Fleuri rose<\/p>\n<h3><strong>Composition<\/strong> :<\/h3>\n<p><span class=\"ng-binding ng-scope\">95% Polyester et <\/span><span class=\"ng-binding ng-scope\">5% \u00c9lasthanne<\/span><br \/>\nCr\u00e9ation fran\u00e7aise<\/p>\n<h3><strong>Entretien<\/strong>\u00a0:<\/h3>\n<p>Lavage en machine \u00e0 30\u00b0, s\u00e8che-linge interdit<\/p>\n","protected":false},"excerpt":{"rendered":"<p>La jupe courte Louise \u00e0 fleurs aura toute sa place dans votre dressing. Son imprim\u00e9 est id\u00e9al pour l\u2019arriv\u00e9e des beaux jours. Fluide et a\u00e9rienne, elle ondule au fil de vos mouvements et apporte \u00e0 vos looks confort et \u00e9l\u00e9gance. On note son travail de plis et sa ceinture \u00e9lastique qui la rendent confortable. On l\u2019enfile avec la chemise Lucia pour un look tr\u00e8s printanier.<\/p>\n","protected":false},"featured_media":3469,"comment_status":"open","ping_status":"closed","template":"","meta":{"_glsr_average":0,"_glsr_ranking":0,"_glsr_reviews":0},"product_cat":[122,143],"product_tag":[302,301,303,162,314,163,329],"_links":{"self":[{"href":"https:\/\/lesaccordsdechloe.com\/index.php\/wp-json\/wp\/v2\/product\/3467"}],"collection":[{"href":"https:\/\/lesaccordsdechloe.com\/index.php\/wp-json\/wp\/v2\/product"}],"about":[{"href":"https:\/\/lesaccordsdechloe.com\/index.php\/wp-json\/wp\/v2\/types\/product"}],"replies":[{"embeddable":true,"href":"https:\/\/lesaccordsdechloe.com\/index.php\/wp-json\/wp\/v2\/comments?post=3467"}],"wp:featuredmedia":[{"embeddable":true,"href":"https:\/\/lesaccordsdechloe.com\/index.php\/wp-json\/wp\/v2\/media\/3469"}],"wp:attachment":[{"href":"https:\/\/lesaccordsdechloe.com\/index.php\/wp-json\/wp\/v2\/media?parent=3467"}],"wp:term":[{"taxonomy":"product_cat","embeddable":true,"href":"https:\/\/lesaccordsdechloe.com\/index.php\/wp-json\/wp\/v2\/product_cat?post=3467"},{"taxonomy":"product_tag","embeddable":true,"href":"https:\/\/lesaccordsdechloe.com\/index.php\/wp-json\/wp\/v2\/product_tag?post=3467"}],"curies":[{"name":"wp","href":"https:\/\/api.w.org\/{rel}","templated":true}]}}