{"id":3464,"date":"2023-03-05T15:48:29","date_gmt":"2023-03-05T15:48:29","guid":{"rendered":"https:\/\/lesaccordsdechloe.com\/?post_type=product&#038;p=3464"},"modified":"2024-03-12T20:24:43","modified_gmt":"2024-03-12T20:24:43","slug":"jupe-longue-plissee-clara-noire","status":"publish","type":"product","link":"https:\/\/lesaccordsdechloe.com\/index.php\/produit\/jupe-longue-plissee-clara-noire\/","title":{"rendered":"Jupe longue pliss\u00e9e Clara &#8211; Noire"},"content":{"rendered":"<h3><strong>Taille<\/strong>\u00a0:<\/h3>\n<p>Longueur : 88 cm<br \/>\nTour de taille (min-max) : 68-88 cm<br \/>\nLe mannequin mesure 1m71<br \/>\nCette TU correspond \u00e0 un 36\/38 et \u00e0 un petit 40.<\/p>\n<h3><strong>D\u00e9tails<\/strong>\u00a0:<\/h3>\n<p>Coupe fluide<br \/>\nDoublure<br \/>\nLongueur cheville<br \/>\nPassants \u00e0 la ceinture<br \/>\nTaille \u00e9lastique<br \/>\nPliss\u00e9e<\/p>\n<h3><strong>Coloris<\/strong> :<\/h3>\n<p>Noire<\/p>\n<h3><strong>Composition<\/strong> :<\/h3>\n<p><span class=\"ng-binding ng-scope\">50% Polyester,\u00a0<\/span><span class=\"ng-binding ng-scope\">45% Viscose et <\/span><span class=\"ng-binding ng-scope\">5% \u00c9lasthanne<\/span><br \/>\nCr\u00e9ation fran\u00e7aise<\/p>\n<h3><strong>Entretien<\/strong>\u00a0:<\/h3>\n<p>Lavage en machine \u00e0 30\u00b0, s\u00e8che-linge interdit<\/p>\n","protected":false},"excerpt":{"rendered":"<p>La jupe longue Clara mixe \u00e9l\u00e9gance et allure actuelle. Avec sa fluidit\u00e9, elle sera une pr\u00e9cieuse alli\u00e9e pour chaque saison. Elle est confectionn\u00e9e dans une mati\u00e8re agr\u00e9able \u00e0 porter. Jouez avec pour lui donner diff\u00e9rentes allures. Portez-la avec un pull noir, un body&#8230;<\/p>\n","protected":false},"featured_media":3466,"comment_status":"open","ping_status":"closed","template":"","meta":{"_glsr_average":0,"_glsr_ranking":0,"_glsr_reviews":0},"product_cat":[122,143],"product_tag":[326,303,162,297,138,314],"_links":{"self":[{"href":"https:\/\/lesaccordsdechloe.com\/index.php\/wp-json\/wp\/v2\/product\/3464"}],"collection":[{"href":"https:\/\/lesaccordsdechloe.com\/index.php\/wp-json\/wp\/v2\/product"}],"about":[{"href":"https:\/\/lesaccordsdechloe.com\/index.php\/wp-json\/wp\/v2\/types\/product"}],"replies":[{"embeddable":true,"href":"https:\/\/lesaccordsdechloe.com\/index.php\/wp-json\/wp\/v2\/comments?post=3464"}],"wp:featuredmedia":[{"embeddable":true,"href":"https:\/\/lesaccordsdechloe.com\/index.php\/wp-json\/wp\/v2\/media\/3466"}],"wp:attachment":[{"href":"https:\/\/lesaccordsdechloe.com\/index.php\/wp-json\/wp\/v2\/media?parent=3464"}],"wp:term":[{"taxonomy":"product_cat","embeddable":true,"href":"https:\/\/lesaccordsdechloe.com\/index.php\/wp-json\/wp\/v2\/product_cat?post=3464"},{"taxonomy":"product_tag","embeddable":true,"href":"https:\/\/lesaccordsdechloe.com\/index.php\/wp-json\/wp\/v2\/product_tag?post=3464"}],"curies":[{"name":"wp","href":"https:\/\/api.w.org\/{rel}","templated":true}]}}