{"id":3449,"date":"2023-03-05T14:58:35","date_gmt":"2023-03-05T14:58:35","guid":{"rendered":"https:\/\/lesaccordsdechloe.com\/?post_type=product&#038;p=3449"},"modified":"2024-03-12T20:25:36","modified_gmt":"2024-03-12T20:25:36","slug":"pull-oversize-basile-beige","status":"publish","type":"product","link":"https:\/\/lesaccordsdechloe.com\/index.php\/produit\/pull-oversize-basile-beige\/","title":{"rendered":"Pull oversize Basile beige"},"content":{"rendered":"<h3><strong>Taille<\/strong>\u00a0:<\/h3>\n<p>Longueur : 65 cm<br \/>\nTour de poitrine : 154 cm<br \/>\nEpaules : 65-80 cm<br \/>\nLe mannequin mesure 1m71.<br \/>\nIl convient pour les tailles 38, 40 et 42.<\/p>\n<h3><strong>D\u00e9tails<\/strong>\u00a0:<\/h3>\n<p>Col rond<br \/>\nPull oversize et long<br \/>\nManches resserr\u00e9es aux poignets<\/p>\n<h3><strong>Coloris<\/strong>\u00a0:<\/h3>\n<p>Beige<\/p>\n<h3><strong>Composition<\/strong> :<\/h3>\n<p>Composition : 50% Polyacrylique, 12% Polyamide, 9% Mohair, 20% Laine et 9% Viscose<br \/>\nCr\u00e9ation fran\u00e7aise<\/p>\n<h3><strong>Entretien<\/strong>\u00a0:<\/h3>\n<p>Lavage \u00e0 la main, s\u00e8che-linge interdit<\/p>\n","protected":false},"excerpt":{"rendered":"<p>Le pull Basile est la pi\u00e8ce id\u00e9ale pour vos looks \u00e0 la fois habill\u00e9s et d\u00e9contract\u00e9s. Portez-le avec un jean pour un look d\u00e9contract\u00e9 ou sur une jupe pour une tenue plus travaill\u00e9e.<\/p>\n","protected":false},"featured_media":3451,"comment_status":"open","ping_status":"closed","template":"","meta":{"_glsr_average":0,"_glsr_ranking":0,"_glsr_reviews":0},"product_cat":[126,143],"product_tag":[290,278,322,275],"_links":{"self":[{"href":"https:\/\/lesaccordsdechloe.com\/index.php\/wp-json\/wp\/v2\/product\/3449"}],"collection":[{"href":"https:\/\/lesaccordsdechloe.com\/index.php\/wp-json\/wp\/v2\/product"}],"about":[{"href":"https:\/\/lesaccordsdechloe.com\/index.php\/wp-json\/wp\/v2\/types\/product"}],"replies":[{"embeddable":true,"href":"https:\/\/lesaccordsdechloe.com\/index.php\/wp-json\/wp\/v2\/comments?post=3449"}],"wp:featuredmedia":[{"embeddable":true,"href":"https:\/\/lesaccordsdechloe.com\/index.php\/wp-json\/wp\/v2\/media\/3451"}],"wp:attachment":[{"href":"https:\/\/lesaccordsdechloe.com\/index.php\/wp-json\/wp\/v2\/media?parent=3449"}],"wp:term":[{"taxonomy":"product_cat","embeddable":true,"href":"https:\/\/lesaccordsdechloe.com\/index.php\/wp-json\/wp\/v2\/product_cat?post=3449"},{"taxonomy":"product_tag","embeddable":true,"href":"https:\/\/lesaccordsdechloe.com\/index.php\/wp-json\/wp\/v2\/product_tag?post=3449"}],"curies":[{"name":"wp","href":"https:\/\/api.w.org\/{rel}","templated":true}]}}