{"id":3445,"date":"2023-03-03T22:45:07","date_gmt":"2023-03-03T22:45:07","guid":{"rendered":"https:\/\/lesaccordsdechloe.com\/?post_type=product&#038;p=3445"},"modified":"2024-03-12T20:43:30","modified_gmt":"2024-03-12T20:43:30","slug":"jupe-longue-plissee-helena-fleurie","status":"publish","type":"product","link":"https:\/\/lesaccordsdechloe.com\/index.php\/produit\/jupe-longue-plissee-helena-fleurie\/","title":{"rendered":"Jupe longue pliss\u00e9e H\u00e9l\u00e9na fleurie"},"content":{"rendered":"<h3><strong>Taille<\/strong>\u00a0:<\/h3>\n<p>Longueur : 86 cm<br \/>\nTour de taille (min-max) : 70-88cm<br \/>\nLe mannequin mesure 1m71<br \/>\nCette TU correspond \u00e0 un 36\/38 et \u00e0 un petit 40.<\/p>\n<h3><strong>D\u00e9tails<\/strong>\u00a0:<\/h3>\n<p>Coupe fluide<br \/>\nDoublure<br \/>\nLongueur cheville<br \/>\nTaille \u00e9lastique<br \/>\nPliss\u00e9e<\/p>\n<h3><strong>Coloris<\/strong>\u00a0:<\/h3>\n<p>Imprim\u00e9 fleuri<\/p>\n<h3><strong>Composition<\/strong> :<\/h3>\n<p><span class=\"ng-binding ng-scope\">50% Polyester,\u00a0<\/span><span class=\"ng-binding ng-scope\">45% Viscose et <\/span><span class=\"ng-binding ng-scope\">5% \u00c9lasthanne<\/span><br \/>\nCr\u00e9ation fran\u00e7aise<\/p>\n<h3><strong>Entretien<\/strong>\u00a0:<\/h3>\n<p>Lavage en machine \u00e0 30\u00b0, s\u00e8che-linge interdit<\/p>\n","protected":false},"excerpt":{"rendered":"<p>La jupe longue H\u00e9l\u00e9na mixe \u00e9l\u00e9gance et allure actuelle. Avec son imprim\u00e9 fleuri et sa fluidit\u00e9, elle sera une pr\u00e9cieuse alli\u00e9e pour chaque saison. Elle est confectionn\u00e9e dans une mati\u00e8re agr\u00e9able \u00e0 porter. Jouez avec pour lui donner diff\u00e9rentes allures. Portez-la avec un pull noir, un body&#8230;<\/p>\n","protected":false},"featured_media":3459,"comment_status":"open","ping_status":"closed","template":"","meta":{"_glsr_average":0,"_glsr_ranking":0,"_glsr_reviews":0},"product_cat":[122,143],"product_tag":[326,327,303,299,162,297,138,314],"_links":{"self":[{"href":"https:\/\/lesaccordsdechloe.com\/index.php\/wp-json\/wp\/v2\/product\/3445"}],"collection":[{"href":"https:\/\/lesaccordsdechloe.com\/index.php\/wp-json\/wp\/v2\/product"}],"about":[{"href":"https:\/\/lesaccordsdechloe.com\/index.php\/wp-json\/wp\/v2\/types\/product"}],"replies":[{"embeddable":true,"href":"https:\/\/lesaccordsdechloe.com\/index.php\/wp-json\/wp\/v2\/comments?post=3445"}],"wp:featuredmedia":[{"embeddable":true,"href":"https:\/\/lesaccordsdechloe.com\/index.php\/wp-json\/wp\/v2\/media\/3459"}],"wp:attachment":[{"href":"https:\/\/lesaccordsdechloe.com\/index.php\/wp-json\/wp\/v2\/media?parent=3445"}],"wp:term":[{"taxonomy":"product_cat","embeddable":true,"href":"https:\/\/lesaccordsdechloe.com\/index.php\/wp-json\/wp\/v2\/product_cat?post=3445"},{"taxonomy":"product_tag","embeddable":true,"href":"https:\/\/lesaccordsdechloe.com\/index.php\/wp-json\/wp\/v2\/product_tag?post=3445"}],"curies":[{"name":"wp","href":"https:\/\/api.w.org\/{rel}","templated":true}]}}