{"id":3398,"date":"2022-11-26T20:40:59","date_gmt":"2022-11-26T20:40:59","guid":{"rendered":"https:\/\/lesaccordsdechloe.com\/?post_type=product&#038;p=3398"},"modified":"2024-03-12T20:43:30","modified_gmt":"2024-03-12T20:43:30","slug":"pull-andre-kaki","status":"publish","type":"product","link":"https:\/\/lesaccordsdechloe.com\/index.php\/produit\/pull-andre-kaki\/","title":{"rendered":"Pull Andr\u00e9 kaki"},"content":{"rendered":"<h3><strong>Taille<\/strong>\u00a0:<\/h3>\n<p>Longueur : 65 cm<br \/>\nTour de poitrine : 130 cm<br \/>\nLe mannequin mesure 1m71.<br \/>\nIl convient pour les tailles 36, 38, 40 et 42.<\/p>\n<h3><strong>D\u00e9tails<\/strong>\u00a0:<\/h3>\n<p>Col rond<br \/>\nPull long<br \/>\nManches chauve-souris<br \/>\nPull droit<\/p>\n<h3><strong>Coloris<\/strong>\u00a0:<\/h3>\n<p>Kaki<\/p>\n<h3><strong>Composition<\/strong> :<\/h3>\n<p>Composition : 95% Viscose et 5% Elasthanne.<br \/>\nCr\u00e9ation fran\u00e7aise<\/p>\n<h3><strong>Entretien<\/strong>\u00a0:<\/h3>\n<p>Lavage \u00e0 la main, s\u00e8che-linge interdit<\/p>\n","protected":false},"excerpt":{"rendered":"<p>Andr\u00e9 est un petit pull fin id\u00e9al pour vos looks de mi-saison. Cette maille fine associe un joli d\u00e9collet\u00e9 ainsi qu\u2019un jeu de tricotage au niveau du col qui font tout le charme de la pi\u00e8ce.<\/p>\n","protected":false},"featured_media":3415,"comment_status":"open","ping_status":"closed","template":"","meta":{"_glsr_average":0,"_glsr_ranking":0,"_glsr_reviews":0},"product_cat":[126,143],"product_tag":[321,137,291,275],"_links":{"self":[{"href":"https:\/\/lesaccordsdechloe.com\/index.php\/wp-json\/wp\/v2\/product\/3398"}],"collection":[{"href":"https:\/\/lesaccordsdechloe.com\/index.php\/wp-json\/wp\/v2\/product"}],"about":[{"href":"https:\/\/lesaccordsdechloe.com\/index.php\/wp-json\/wp\/v2\/types\/product"}],"replies":[{"embeddable":true,"href":"https:\/\/lesaccordsdechloe.com\/index.php\/wp-json\/wp\/v2\/comments?post=3398"}],"wp:featuredmedia":[{"embeddable":true,"href":"https:\/\/lesaccordsdechloe.com\/index.php\/wp-json\/wp\/v2\/media\/3415"}],"wp:attachment":[{"href":"https:\/\/lesaccordsdechloe.com\/index.php\/wp-json\/wp\/v2\/media?parent=3398"}],"wp:term":[{"taxonomy":"product_cat","embeddable":true,"href":"https:\/\/lesaccordsdechloe.com\/index.php\/wp-json\/wp\/v2\/product_cat?post=3398"},{"taxonomy":"product_tag","embeddable":true,"href":"https:\/\/lesaccordsdechloe.com\/index.php\/wp-json\/wp\/v2\/product_tag?post=3398"}],"curies":[{"name":"wp","href":"https:\/\/api.w.org\/{rel}","templated":true}]}}