{"id":3388,"date":"2022-11-26T19:46:19","date_gmt":"2022-11-26T19:46:19","guid":{"rendered":"https:\/\/lesaccordsdechloe.com\/?post_type=product&#038;p=3388"},"modified":"2024-03-13T20:33:16","modified_gmt":"2024-03-13T20:33:16","slug":"jupe-longue-maria-animalier-beige","status":"publish","type":"product","link":"https:\/\/lesaccordsdechloe.com\/index.php\/produit\/jupe-longue-maria-animalier-beige\/","title":{"rendered":"Jupe longue Maria animalier &#8211; Beige"},"content":{"rendered":"<h3><strong>Taille<\/strong>\u00a0:<\/h3>\n<p>Longueur : 88 cm<br \/>\nTour de taille (min-max) : 70-86cm<br \/>\nLe mannequin mesure 1m71<br \/>\nCette TU correspond \u00e0 38\/40.<\/p>\n<h3><strong>D\u00e9tails<\/strong>\u00a0:<\/h3>\n<p>Coupe fluide<br \/>\nDoublure<br \/>\nLongueur cheville<br \/>\nTaille \u00e9lastique<br \/>\nPliss\u00e9e<\/p>\n<h3><strong>Coloris<\/strong>\u00a0:<\/h3>\n<p>Imprim\u00e9 animalier beige<\/p>\n<h3><strong>Composition<\/strong> :<\/h3>\n<p>100% Polyester<br \/>\nCr\u00e9ation fran\u00e7aise<\/p>\n<h3><strong>Entretien<\/strong>\u00a0:<\/h3>\n<p>Lavage en machine \u00e0 30\u00b0, s\u00e8che-linge interdit<\/p>\n","protected":false},"excerpt":{"rendered":"<p>La jupe longue Maria mixe \u00e9l\u00e9gance et allure actuelle. Avec son imprim\u00e9 animalier et sa fluidit\u00e9, elle sera une pr\u00e9cieuse alli\u00e9e pour cet hiver. Elle est confectionn\u00e9e dans une mati\u00e8re agr\u00e9able \u00e0 porter. Jouez avec pour lui donner diff\u00e9rentes allures. Portez-la avec un pull noir, un body&#8230;<\/p>\n","protected":false},"featured_media":3406,"comment_status":"open","ping_status":"closed","template":"","meta":{"_glsr_average":0,"_glsr_ranking":0,"_glsr_reviews":0},"product_cat":[122,143],"product_tag":[290,313,162,297,314],"_links":{"self":[{"href":"https:\/\/lesaccordsdechloe.com\/index.php\/wp-json\/wp\/v2\/product\/3388"}],"collection":[{"href":"https:\/\/lesaccordsdechloe.com\/index.php\/wp-json\/wp\/v2\/product"}],"about":[{"href":"https:\/\/lesaccordsdechloe.com\/index.php\/wp-json\/wp\/v2\/types\/product"}],"replies":[{"embeddable":true,"href":"https:\/\/lesaccordsdechloe.com\/index.php\/wp-json\/wp\/v2\/comments?post=3388"}],"wp:featuredmedia":[{"embeddable":true,"href":"https:\/\/lesaccordsdechloe.com\/index.php\/wp-json\/wp\/v2\/media\/3406"}],"wp:attachment":[{"href":"https:\/\/lesaccordsdechloe.com\/index.php\/wp-json\/wp\/v2\/media?parent=3388"}],"wp:term":[{"taxonomy":"product_cat","embeddable":true,"href":"https:\/\/lesaccordsdechloe.com\/index.php\/wp-json\/wp\/v2\/product_cat?post=3388"},{"taxonomy":"product_tag","embeddable":true,"href":"https:\/\/lesaccordsdechloe.com\/index.php\/wp-json\/wp\/v2\/product_tag?post=3388"}],"curies":[{"name":"wp","href":"https:\/\/api.w.org\/{rel}","templated":true}]}}