{"id":3305,"date":"2022-10-13T09:01:25","date_gmt":"2022-10-13T09:01:25","guid":{"rendered":"https:\/\/lesaccordsdechloe.com\/?post_type=product&#038;p=3305"},"modified":"2024-06-19T15:05:49","modified_gmt":"2024-06-19T15:05:49","slug":"pull-marius-noir","status":"publish","type":"product","link":"https:\/\/lesaccordsdechloe.com\/index.php\/produit\/pull-marius-noir\/","title":{"rendered":"Pull Marius noir"},"content":{"rendered":"<h3><strong>Taille<\/strong>\u00a0:<\/h3>\n<p>Longueur : 93 cm<br \/>\nTour de poitrine :<br \/>\nEpaules : 40 &#8211; 44 cm<br \/>\nIl convient au 36 &#8211; 42.<\/p>\n<h3><strong>D\u00e9tails<\/strong>\u00a0:<\/h3>\n<p>Coupe \u00e9vas\u00e9e<br \/>\nDentelle sur le d\u00e9collet\u00e9 et les manches<br \/>\nCol rond<\/p>\n<h3><strong>Coloris<\/strong>\u00a0:<\/h3>\n<p>Noir<\/p>\n<h3><strong>Composition<\/strong> :<\/h3>\n<p>3% Spandex, 15% Laine, 15% Polyester, 20% Polyamide et 47% Acrylique<br \/>\nCr\u00e9ation fran\u00e7aise<\/p>\n<h3><strong>Entretien<\/strong>\u00a0:<\/h3>\n<p>Lavage \u00e0 la main, s\u00e8che-linge interdit<\/p>\n","protected":false},"excerpt":{"rendered":"<p>Cette maille est tellement douce que vous ne voudrez jamais la quitter. Il s&#8217;agit d&#8217;une pi\u00e8ce intemporelle mais avec de nombreux d\u00e9tails pour la sublimer : la dentelle sur son d\u00e9collet\u00e9 ou ses manches. Vous pouvez la porter avec notre <a href=\"https:\/\/lesaccordsdechloe.com\/index.php\/produit\/short-eli-noir-en-simili-cuir\/\">short Eli<\/a> pour un look tr\u00e8s rock ou notre <a href=\"https:\/\/lesaccordsdechloe.com\/index.php\/produit\/robe-courte-juliette-imprime-fleuri\/\">robe Juliette<\/a>.<\/p>\n","protected":false},"featured_media":3316,"comment_status":"open","ping_status":"closed","template":"","meta":{"_glsr_average":0,"_glsr_ranking":0,"_glsr_reviews":0},"product_cat":[126,143],"product_tag":[307,240,278,138,275],"_links":{"self":[{"href":"https:\/\/lesaccordsdechloe.com\/index.php\/wp-json\/wp\/v2\/product\/3305"}],"collection":[{"href":"https:\/\/lesaccordsdechloe.com\/index.php\/wp-json\/wp\/v2\/product"}],"about":[{"href":"https:\/\/lesaccordsdechloe.com\/index.php\/wp-json\/wp\/v2\/types\/product"}],"replies":[{"embeddable":true,"href":"https:\/\/lesaccordsdechloe.com\/index.php\/wp-json\/wp\/v2\/comments?post=3305"}],"wp:featuredmedia":[{"embeddable":true,"href":"https:\/\/lesaccordsdechloe.com\/index.php\/wp-json\/wp\/v2\/media\/3316"}],"wp:attachment":[{"href":"https:\/\/lesaccordsdechloe.com\/index.php\/wp-json\/wp\/v2\/media?parent=3305"}],"wp:term":[{"taxonomy":"product_cat","embeddable":true,"href":"https:\/\/lesaccordsdechloe.com\/index.php\/wp-json\/wp\/v2\/product_cat?post=3305"},{"taxonomy":"product_tag","embeddable":true,"href":"https:\/\/lesaccordsdechloe.com\/index.php\/wp-json\/wp\/v2\/product_tag?post=3305"}],"curies":[{"name":"wp","href":"https:\/\/api.w.org\/{rel}","templated":true}]}}