{"id":3297,"date":"2022-10-13T08:23:08","date_gmt":"2022-10-13T08:23:08","guid":{"rendered":"https:\/\/lesaccordsdechloe.com\/?post_type=product&#038;p=3297"},"modified":"2024-03-12T20:27:07","modified_gmt":"2024-03-12T20:27:07","slug":"short-eli-noir-en-simili-cuir","status":"publish","type":"product","link":"https:\/\/lesaccordsdechloe.com\/index.php\/produit\/short-eli-noir-en-simili-cuir\/","title":{"rendered":"Short Eli noir en simili cuir"},"content":{"rendered":"<h3 style=\"text-align: left;\"><strong>Taille<\/strong>\u00a0:<\/h3>\n<p>Longueur : 38 cm<br \/>\nTour de taille (min-max) : Taille S : 60-75 cm \/ Taille M : 65-80 cm \/ Taille L : 70-90 cm<br \/>\nLe mannequin mesure 1m71 et porte une taille M<br \/>\nPrenez votre taille habituelle.<\/p>\n<h3><strong>D\u00e9tails<\/strong>\u00a0:<\/h3>\n<p>Coupe \u00e9vas\u00e9e<br \/>\nCeinture \u00e9lastique<br \/>\nFermeture \u00e0 zip<br \/>\nDeux pressions<br \/>\nTaille haute<br \/>\nPoches au dos<br \/>\nPoches sur les c\u00f4t\u00e9s<\/p>\n<h3><strong>Coloris<\/strong>\u00a0:<\/h3>\n<p>Simili cuir noir<\/p>\n<h3><strong>Composition<\/strong> :<\/h3>\n<p>50% Coton et 50% PU<br \/>\nCr\u00e9ation fran\u00e7aise<\/p>\n<h3><strong>Entretien<\/strong>\u00a0:<\/h3>\n<p>Lavage \u00e0 la main, s\u00e8che-linge interdit<\/p>\n","protected":false},"excerpt":{"rendered":"<p>Le short Eli est id\u00e9al pour les saisons froides et \u00e0 avoir absolument dans son dressing pour fl\u00e2ner dans la ville ou au bureau !<br \/>\nSa coupe taille haute, ses poches sur l\u2019avant et sa mati\u00e8re lui donne un look tr\u00e8s f\u00e9minin. Vous pourrez jouer avec ce short en faisant diff\u00e9rents looks. Portez-le avec notre belle <a href=\"https:\/\/lesaccordsdechloe.com\/index.php\/produit\/pull-emile-bleu-roi\/\">maille Emile<\/a> ou notre pull noir James.<\/p>\n","protected":false},"featured_media":3310,"comment_status":"open","ping_status":"closed","template":"","meta":{"_glsr_average":0,"_glsr_ranking":0,"_glsr_reviews":0},"product_cat":[122,143],"product_tag":[310,278,138,308,309],"_links":{"self":[{"href":"https:\/\/lesaccordsdechloe.com\/index.php\/wp-json\/wp\/v2\/product\/3297"}],"collection":[{"href":"https:\/\/lesaccordsdechloe.com\/index.php\/wp-json\/wp\/v2\/product"}],"about":[{"href":"https:\/\/lesaccordsdechloe.com\/index.php\/wp-json\/wp\/v2\/types\/product"}],"replies":[{"embeddable":true,"href":"https:\/\/lesaccordsdechloe.com\/index.php\/wp-json\/wp\/v2\/comments?post=3297"}],"wp:featuredmedia":[{"embeddable":true,"href":"https:\/\/lesaccordsdechloe.com\/index.php\/wp-json\/wp\/v2\/media\/3310"}],"wp:attachment":[{"href":"https:\/\/lesaccordsdechloe.com\/index.php\/wp-json\/wp\/v2\/media?parent=3297"}],"wp:term":[{"taxonomy":"product_cat","embeddable":true,"href":"https:\/\/lesaccordsdechloe.com\/index.php\/wp-json\/wp\/v2\/product_cat?post=3297"},{"taxonomy":"product_tag","embeddable":true,"href":"https:\/\/lesaccordsdechloe.com\/index.php\/wp-json\/wp\/v2\/product_tag?post=3297"}],"curies":[{"name":"wp","href":"https:\/\/api.w.org\/{rel}","templated":true}]}}