{"id":3215,"date":"2022-09-03T19:44:16","date_gmt":"2022-09-03T19:44:16","guid":{"rendered":"https:\/\/lesaccordsdechloe.com\/?post_type=product&#038;p=3215"},"modified":"2024-06-19T15:06:47","modified_gmt":"2024-06-19T15:06:47","slug":"chemise-sofia-blanche","status":"publish","type":"product","link":"https:\/\/lesaccordsdechloe.com\/index.php\/produit\/chemise-sofia-blanche\/","title":{"rendered":"Chemise Sofia blanche"},"content":{"rendered":"<h3><strong>Taille<\/strong>\u00a0:<\/h3>\n<p>Longueur : 75 cm<br \/>\nTour de poitrine : Taille S : 95 cm \/ Taille M : 100 cm \/ Taille L : 105 cm<br \/>\nEpaules : 40 &#8211; 44 cm<br \/>\nLe mannequin mesure 1m71 et porte une taille L<br \/>\nPrenez votre taille habituelle.<\/p>\n<h3><strong>D\u00e9tails<\/strong>\u00a0:<\/h3>\n<p>Coupe droite<br \/>\nManches resserr\u00e9es au poignet avec bouton<br \/>\nL\u00e9g\u00e8rement transparente<br \/>\nBoutonn\u00e9e<\/p>\n<h3><strong>Coloris<\/strong>\u00a0:<\/h3>\n<p>Blanche \u00e0 motifs<\/p>\n<h3><strong>Composition<\/strong> :<\/h3>\n<p>60% Coton et 40% Polyester<br \/>\nCr\u00e9ation fran\u00e7aise<\/p>\n<h3><strong>Entretien<\/strong>\u00a0:<\/h3>\n<p>Lavage \u00e0 la main, s\u00e8che-linge interdit<\/p>\n","protected":false},"excerpt":{"rendered":"<p>Sofia, c\u2019est la chemise la plus simple et intemporelle de notre site en ligne.<br \/>\nSon col chemise ultra f\u00e9minin et ses petits motifs tr\u00e8s l\u00e9gers, ont \u00e9t\u00e9 pens\u00e9s pour parfaire votre silhouette.<br \/>\nPour gagner \u00e0 coups surs, portez-la avec notre jean Sam le dimanche pour une balade \u00e0 la campagne ou pour vous rendre au bureau.<\/p>\n","protected":false},"featured_media":3223,"comment_status":"open","ping_status":"closed","template":"","meta":{"_glsr_average":0,"_glsr_ranking":0,"_glsr_reviews":0},"product_cat":[187,143],"product_tag":[284,160,286,287,285],"_links":{"self":[{"href":"https:\/\/lesaccordsdechloe.com\/index.php\/wp-json\/wp\/v2\/product\/3215"}],"collection":[{"href":"https:\/\/lesaccordsdechloe.com\/index.php\/wp-json\/wp\/v2\/product"}],"about":[{"href":"https:\/\/lesaccordsdechloe.com\/index.php\/wp-json\/wp\/v2\/types\/product"}],"replies":[{"embeddable":true,"href":"https:\/\/lesaccordsdechloe.com\/index.php\/wp-json\/wp\/v2\/comments?post=3215"}],"wp:featuredmedia":[{"embeddable":true,"href":"https:\/\/lesaccordsdechloe.com\/index.php\/wp-json\/wp\/v2\/media\/3223"}],"wp:attachment":[{"href":"https:\/\/lesaccordsdechloe.com\/index.php\/wp-json\/wp\/v2\/media?parent=3215"}],"wp:term":[{"taxonomy":"product_cat","embeddable":true,"href":"https:\/\/lesaccordsdechloe.com\/index.php\/wp-json\/wp\/v2\/product_cat?post=3215"},{"taxonomy":"product_tag","embeddable":true,"href":"https:\/\/lesaccordsdechloe.com\/index.php\/wp-json\/wp\/v2\/product_tag?post=3215"}],"curies":[{"name":"wp","href":"https:\/\/api.w.org\/{rel}","templated":true}]}}