{"id":3209,"date":"2022-09-03T19:29:14","date_gmt":"2022-09-03T19:29:14","guid":{"rendered":"https:\/\/lesaccordsdechloe.com\/?post_type=product&#038;p=3209"},"modified":"2024-03-15T18:32:38","modified_gmt":"2024-03-15T18:32:38","slug":"jeans-sam-mom-bleu","status":"publish","type":"product","link":"https:\/\/lesaccordsdechloe.com\/index.php\/produit\/jeans-sam-mom-bleu\/","title":{"rendered":"Jeans Sam Mom bleu"},"content":{"rendered":"<h3><strong>Taille<\/strong>\u00a0:<\/h3>\n<p>Longueur entrejambe pour un 38 : 71 cm<br \/>\nTour de taille : Taille 34 : 72 cm \/ Taille 36 : 76 cm \/ Taille 38 : 80 cm \/ Taille 40 : 84 cm \/ Taille 42 : 90 cm<br \/>\nLe mannequin mesure 1m71 et porte une taille 36.<br \/>\nPrenez votre taille habituelle.<\/p>\n<h3><strong>D\u00e9tails<\/strong>\u00a0:<\/h3>\n<p>Coupe mom<br \/>\nPassants ceinture<br \/>\nPoches italiennes<br \/>\nPoches plaqu\u00e9es au dos<br \/>\nFermeture \u00e0 zip et bouton argent\u00e9<\/p>\n<h3><strong>Coloris<\/strong>\u00a0:<\/h3>\n<p>Bleu clair<\/p>\n<h3><strong>Composition<\/strong> :<\/h3>\n<p>100% Polyester<br \/>\nCr\u00e9ation fran\u00e7aise<\/p>\n<h3><strong>Entretien<\/strong>\u00a0:<\/h3>\n<p>Lavage en machine 30\u00b0C, s\u00e8che-linge d\u00e9conseill\u00e9<\/p>\n","protected":false},"excerpt":{"rendered":"<p>Le jean Sam va devenir un incontournable de votre dressing. Il adopte une coupe mom confortable et se pare d\u2019une teinte bleu clair qui sera id\u00e9ale pour vous accompagner au boulot, en rencard, en balade ou pour vous mettre sur votre 31.<\/p>\n","protected":false},"featured_media":3240,"comment_status":"open","ping_status":"closed","template":"","meta":{"_glsr_average":0,"_glsr_ranking":0,"_glsr_reviews":0},"product_cat":[184,143],"product_tag":[282,278,280,281,283],"_links":{"self":[{"href":"https:\/\/lesaccordsdechloe.com\/index.php\/wp-json\/wp\/v2\/product\/3209"}],"collection":[{"href":"https:\/\/lesaccordsdechloe.com\/index.php\/wp-json\/wp\/v2\/product"}],"about":[{"href":"https:\/\/lesaccordsdechloe.com\/index.php\/wp-json\/wp\/v2\/types\/product"}],"replies":[{"embeddable":true,"href":"https:\/\/lesaccordsdechloe.com\/index.php\/wp-json\/wp\/v2\/comments?post=3209"}],"wp:featuredmedia":[{"embeddable":true,"href":"https:\/\/lesaccordsdechloe.com\/index.php\/wp-json\/wp\/v2\/media\/3240"}],"wp:attachment":[{"href":"https:\/\/lesaccordsdechloe.com\/index.php\/wp-json\/wp\/v2\/media?parent=3209"}],"wp:term":[{"taxonomy":"product_cat","embeddable":true,"href":"https:\/\/lesaccordsdechloe.com\/index.php\/wp-json\/wp\/v2\/product_cat?post=3209"},{"taxonomy":"product_tag","embeddable":true,"href":"https:\/\/lesaccordsdechloe.com\/index.php\/wp-json\/wp\/v2\/product_tag?post=3209"}],"curies":[{"name":"wp","href":"https:\/\/api.w.org\/{rel}","templated":true}]}}