{"id":3207,"date":"2022-09-03T19:28:18","date_gmt":"2022-09-03T19:28:18","guid":{"rendered":"https:\/\/lesaccordsdechloe.com\/?post_type=product&#038;p=3207"},"modified":"2024-03-12T15:58:09","modified_gmt":"2024-03-12T15:58:09","slug":"pull-emile-bleu-roi","status":"publish","type":"product","link":"https:\/\/lesaccordsdechloe.com\/index.php\/produit\/pull-emile-bleu-roi\/","title":{"rendered":"Pull Emile bleu roi"},"content":{"rendered":"<h3><strong>Taille<\/strong>\u00a0:<\/h3>\n<p>Longueur : 94 cm<br \/>\nTour de poitrine : 120 cm<br \/>\nEpaules : 40 &#8211; 44 cm<br \/>\nIl correspond \u00e0 un 36 &#8211; 42.<\/p>\n<h3><strong>D\u00e9tails<\/strong>\u00a0:<\/h3>\n<p>Coupe droite<br \/>\nManches longues resserr\u00e9es<br \/>\nCol rond<\/p>\n<h3><strong>Coloris<\/strong>\u00a0:<\/h3>\n<p>Bleu roi<\/p>\n<h3><strong>Composition<\/strong> :<\/h3>\n<p>37% Mohair, 27% Acrylique, 20% Polyamide et 16% Laine<br \/>\nCr\u00e9ation fran\u00e7aise<\/p>\n<h3><strong>Entretien<\/strong>\u00a0:<\/h3>\n<p>Lavage \u00e0 la main, s\u00e8che-linge interdit<\/p>\n","protected":false},"excerpt":{"rendered":"<p>Overdose de douceur avec ce joli pull Emile tr\u00e8s color\u00e9. Il va piquer vos coeurs avec sa mati\u00e8re toute douce, son coloris et sa coupe parfaite. Vous pouvez le porter avec un jean ou sur une robe. Associez-le comme vous en avez envie : vous d\u00e9cidez.<\/p>\n","protected":false},"featured_media":3219,"comment_status":"open","ping_status":"closed","template":"","meta":{"_glsr_average":0,"_glsr_ranking":0,"_glsr_reviews":0},"product_cat":[126,143],"product_tag":[277,278,279,276,275],"_links":{"self":[{"href":"https:\/\/lesaccordsdechloe.com\/index.php\/wp-json\/wp\/v2\/product\/3207"}],"collection":[{"href":"https:\/\/lesaccordsdechloe.com\/index.php\/wp-json\/wp\/v2\/product"}],"about":[{"href":"https:\/\/lesaccordsdechloe.com\/index.php\/wp-json\/wp\/v2\/types\/product"}],"replies":[{"embeddable":true,"href":"https:\/\/lesaccordsdechloe.com\/index.php\/wp-json\/wp\/v2\/comments?post=3207"}],"wp:featuredmedia":[{"embeddable":true,"href":"https:\/\/lesaccordsdechloe.com\/index.php\/wp-json\/wp\/v2\/media\/3219"}],"wp:attachment":[{"href":"https:\/\/lesaccordsdechloe.com\/index.php\/wp-json\/wp\/v2\/media?parent=3207"}],"wp:term":[{"taxonomy":"product_cat","embeddable":true,"href":"https:\/\/lesaccordsdechloe.com\/index.php\/wp-json\/wp\/v2\/product_cat?post=3207"},{"taxonomy":"product_tag","embeddable":true,"href":"https:\/\/lesaccordsdechloe.com\/index.php\/wp-json\/wp\/v2\/product_tag?post=3207"}],"curies":[{"name":"wp","href":"https:\/\/api.w.org\/{rel}","templated":true}]}}