{"id":3203,"date":"2022-09-03T19:16:06","date_gmt":"2022-09-03T19:16:06","guid":{"rendered":"https:\/\/lesaccordsdechloe.com\/?post_type=product&#038;p=3203"},"modified":"2024-03-17T16:41:40","modified_gmt":"2024-03-17T16:41:40","slug":"trench-beige-arthur","status":"publish","type":"product","link":"https:\/\/lesaccordsdechloe.com\/index.php\/produit\/trench-beige-arthur\/","title":{"rendered":"Trench beige Arthur"},"content":{"rendered":"<h3><strong>Taille<\/strong>\u00a0:<\/h3>\n<p>Longueur : 110 &#8211; 115 cm<br \/>\nTour de poitrine : Taille S : 100 cm \/ Taille M : 105 cm \/ Taille L : 110 cm<br \/>\nEpaules : 40 &#8211; 45 cm<br \/>\nLe mannequin mesure 1m71 et porte une taille L<br \/>\nPrenez votre taille habituelle.<\/p>\n<h3><strong>D\u00e9tails<\/strong>\u00a0:<\/h3>\n<p>Coupe droite<br \/>\nManches r\u00e9glables<br \/>\nLongueur en dessous des genoux<br \/>\nBoutons et ceinture<\/p>\n<h3><strong>Coloris<\/strong>\u00a0:<\/h3>\n<p>Beige<\/p>\n<h3><strong>Composition<\/strong> :<\/h3>\n<p>65% Polyester et 35% Coton<br \/>\nCr\u00e9ation fran\u00e7aise<\/p>\n<h3><strong>Entretien<\/strong>\u00a0:<\/h3>\n<p>Lavage \u00e0 la main, s\u00e8che-linge interdit<\/p>\n","protected":false},"excerpt":{"rendered":"<p>Le trench Arthur ou l&#8217;intemporel \u00e0 avoir dans son dressing saura vous charmer avec sa mati\u00e8re tr\u00e8s agr\u00e9able \u00e0 porter. Vous pouvez l&#8217;associer avec des looks basiques : jeans\/baskets ou des looks plus f\u00e9minins : robe\/bottes.<\/p>\n","protected":false},"featured_media":3221,"comment_status":"open","ping_status":"closed","template":"","meta":{"_glsr_average":0,"_glsr_ranking":0,"_glsr_reviews":0},"product_cat":[305,143],"product_tag":[290,292,278,291,289,288],"_links":{"self":[{"href":"https:\/\/lesaccordsdechloe.com\/index.php\/wp-json\/wp\/v2\/product\/3203"}],"collection":[{"href":"https:\/\/lesaccordsdechloe.com\/index.php\/wp-json\/wp\/v2\/product"}],"about":[{"href":"https:\/\/lesaccordsdechloe.com\/index.php\/wp-json\/wp\/v2\/types\/product"}],"replies":[{"embeddable":true,"href":"https:\/\/lesaccordsdechloe.com\/index.php\/wp-json\/wp\/v2\/comments?post=3203"}],"wp:featuredmedia":[{"embeddable":true,"href":"https:\/\/lesaccordsdechloe.com\/index.php\/wp-json\/wp\/v2\/media\/3221"}],"wp:attachment":[{"href":"https:\/\/lesaccordsdechloe.com\/index.php\/wp-json\/wp\/v2\/media?parent=3203"}],"wp:term":[{"taxonomy":"product_cat","embeddable":true,"href":"https:\/\/lesaccordsdechloe.com\/index.php\/wp-json\/wp\/v2\/product_cat?post=3203"},{"taxonomy":"product_tag","embeddable":true,"href":"https:\/\/lesaccordsdechloe.com\/index.php\/wp-json\/wp\/v2\/product_tag?post=3203"}],"curies":[{"name":"wp","href":"https:\/\/api.w.org\/{rel}","templated":true}]}}