{"id":3193,"date":"2022-09-03T19:01:31","date_gmt":"2022-09-03T19:01:31","guid":{"rendered":"https:\/\/lesaccordsdechloe.com\/?post_type=product&#038;p=3193"},"modified":"2024-03-15T18:28:39","modified_gmt":"2024-03-15T18:28:39","slug":"body-milo-blanc","status":"publish","type":"product","link":"https:\/\/lesaccordsdechloe.com\/index.php\/produit\/body-milo-blanc\/","title":{"rendered":"Body Milo blanc"},"content":{"rendered":"<h3><strong>Taille<\/strong>\u00a0:<\/h3>\n<p>Longueur : 75 &#8211; 80 cm<br \/>\nTour de poitrine : Taille S : 90 cm \/ Taille M : 95 cm \/ Taille L : 100 cm \/ Taille XL : 105 cm<br \/>\nEpaules : 40 &#8211; 44 cm<br \/>\nLe mannequin mesure 1m71 et porte une taille XL<br \/>\nPrenez votre taille habituelle.<\/p>\n<h3><strong>D\u00e9tails<\/strong>\u00a0:<\/h3>\n<p>Mati\u00e8re c\u00f4tel\u00e9e<br \/>\nManches longues<br \/>\nAttache \u00e0 l&#8217;entrejambe<br \/>\nCol V<\/p>\n<h3><strong>Coloris<\/strong>\u00a0:<\/h3>\n<p>Blanc<\/p>\n<h3><strong>Composition<\/strong> :<\/h3>\n<p>100% Coton<br \/>\nCr\u00e9ation fran\u00e7aise<\/p>\n<h3><strong>Entretien<\/strong>\u00a0:<\/h3>\n<p>Lavage \u00e0 la main, s\u00e8che-linge interdit<\/p>\n","protected":false},"excerpt":{"rendered":"<p>Le body Milo va devenir l&#8217;indispensable de votre dressing. Vous pouvez le porter avec un jean taille haute pour un look d\u00e9contract\u00e9 mais pour une allure tr\u00e8s f\u00e9minine portez-le avec une jupe.<\/p>\n","protected":false},"featured_media":3229,"comment_status":"open","ping_status":"closed","template":"","meta":{"_glsr_average":0,"_glsr_ranking":0,"_glsr_reviews":0},"product_cat":[186,143],"product_tag":[294,293,296,278,295],"_links":{"self":[{"href":"https:\/\/lesaccordsdechloe.com\/index.php\/wp-json\/wp\/v2\/product\/3193"}],"collection":[{"href":"https:\/\/lesaccordsdechloe.com\/index.php\/wp-json\/wp\/v2\/product"}],"about":[{"href":"https:\/\/lesaccordsdechloe.com\/index.php\/wp-json\/wp\/v2\/types\/product"}],"replies":[{"embeddable":true,"href":"https:\/\/lesaccordsdechloe.com\/index.php\/wp-json\/wp\/v2\/comments?post=3193"}],"wp:featuredmedia":[{"embeddable":true,"href":"https:\/\/lesaccordsdechloe.com\/index.php\/wp-json\/wp\/v2\/media\/3229"}],"wp:attachment":[{"href":"https:\/\/lesaccordsdechloe.com\/index.php\/wp-json\/wp\/v2\/media?parent=3193"}],"wp:term":[{"taxonomy":"product_cat","embeddable":true,"href":"https:\/\/lesaccordsdechloe.com\/index.php\/wp-json\/wp\/v2\/product_cat?post=3193"},{"taxonomy":"product_tag","embeddable":true,"href":"https:\/\/lesaccordsdechloe.com\/index.php\/wp-json\/wp\/v2\/product_tag?post=3193"}],"curies":[{"name":"wp","href":"https:\/\/api.w.org\/{rel}","templated":true}]}}