{"id":3188,"date":"2022-09-03T18:50:55","date_gmt":"2022-09-03T18:50:55","guid":{"rendered":"https:\/\/lesaccordsdechloe.com\/?post_type=product&#038;p=3188"},"modified":"2023-10-11T21:46:12","modified_gmt":"2023-10-11T21:46:12","slug":"robe-longue-jeanne-imprime-ethnique","status":"publish","type":"product","link":"https:\/\/lesaccordsdechloe.com\/index.php\/produit\/robe-longue-jeanne-imprime-ethnique\/","title":{"rendered":"Robe longue Jeanne imprim\u00e9 ethnique"},"content":{"rendered":"<h3><strong>Taille<\/strong>\u00a0:<\/h3>\n<p>Longueur : 130 cm<br \/>\nTour de poitrine : Taille S : 97 cm \/ Taille M : 105 cm \/ Taille L : 112 cm \/ Taille XL : 116 cm<br \/>\nEpaules : 40 &#8211; 45 cm<br \/>\nLe mannequin mesure 1m71 et porte une taille L<br \/>\nPrenez votre taille habituelle.<\/p>\n<h3><strong>D\u00e9tails<\/strong>\u00a0:<\/h3>\n<p>Coupe \u00e9vas\u00e9e<br \/>\nManches courtes<br \/>\nLongueur chevilles<br \/>\nCol V<br \/>\nPression sur le d\u00e9collet\u00e9<\/p>\n<h3><strong>Coloris<\/strong>\u00a0:<\/h3>\n<p>Imprim\u00e9 ethnique<\/p>\n<h3><strong>Composition<\/strong> :<\/h3>\n<p>100% Polyester<br \/>\nCr\u00e9ation fran\u00e7aise<\/p>\n<h3><strong>Entretien<\/strong>\u00a0:<\/h3>\n<p>Lavage \u00e0 la main, s\u00e8che-linge interdit<\/p>\n","protected":false},"excerpt":{"rendered":"<p>Voici la robe portefeuille Jeanne : fluide et l\u00e9g\u00e8re, elle se distingue par son jeu de transparence et son imprim\u00e9 ethnique. On adore la fermeture cache c\u0153ur et les manches tombantes. N&#8217;ayez crainte une petite pression est pr\u00e9sente dans le d\u00e9collet\u00e9. Cette pi\u00e8ce peut se porter \u00e0 toutes les saisons. En automne\/hiver portez-la avec un perfecto ou un pull et au printemps\/\u00e9t\u00e9 portez-la avec une petite paire de sandalettes.<\/p>\n","protected":false},"featured_media":3230,"comment_status":"open","ping_status":"closed","template":"","meta":{"_glsr_average":0,"_glsr_ranking":0,"_glsr_reviews":0},"product_cat":[125,143],"product_tag":[298,278,299,297,300,153],"_links":{"self":[{"href":"https:\/\/lesaccordsdechloe.com\/index.php\/wp-json\/wp\/v2\/product\/3188"}],"collection":[{"href":"https:\/\/lesaccordsdechloe.com\/index.php\/wp-json\/wp\/v2\/product"}],"about":[{"href":"https:\/\/lesaccordsdechloe.com\/index.php\/wp-json\/wp\/v2\/types\/product"}],"replies":[{"embeddable":true,"href":"https:\/\/lesaccordsdechloe.com\/index.php\/wp-json\/wp\/v2\/comments?post=3188"}],"wp:featuredmedia":[{"embeddable":true,"href":"https:\/\/lesaccordsdechloe.com\/index.php\/wp-json\/wp\/v2\/media\/3230"}],"wp:attachment":[{"href":"https:\/\/lesaccordsdechloe.com\/index.php\/wp-json\/wp\/v2\/media?parent=3188"}],"wp:term":[{"taxonomy":"product_cat","embeddable":true,"href":"https:\/\/lesaccordsdechloe.com\/index.php\/wp-json\/wp\/v2\/product_cat?post=3188"},{"taxonomy":"product_tag","embeddable":true,"href":"https:\/\/lesaccordsdechloe.com\/index.php\/wp-json\/wp\/v2\/product_tag?post=3188"}],"curies":[{"name":"wp","href":"https:\/\/api.w.org\/{rel}","templated":true}]}}