{"id":3151,"date":"2022-06-11T07:52:44","date_gmt":"2022-06-11T07:52:44","guid":{"rendered":"https:\/\/lesaccordsdechloe.com\/?post_type=product&#038;p=3151"},"modified":"2024-03-12T16:22:35","modified_gmt":"2024-03-12T16:22:35","slug":"robe-courte-fleurie-roxanne","status":"publish","type":"product","link":"https:\/\/lesaccordsdechloe.com\/index.php\/produit\/robe-courte-fleurie-roxanne\/","title":{"rendered":"Robe courte fleurie Roxanne"},"content":{"rendered":"<h3><strong>Taille<\/strong>\u00a0:<\/h3>\n<p>Longueur : 93 cm<br \/>\nTour de poitrine : Taille S : 104 cm \/ Taille M : 106 cm \/ Taille L : 108 cm \/ Taille XL : 112 cm<br \/>\nEpaules : 40 &#8211; 44 cm<br \/>\nLe mannequin mesure 1m71 et porte une taille L<br \/>\nPrenez votre taille habituelle.<\/p>\n<h3><strong>D\u00e9tails<\/strong>\u00a0:<\/h3>\n<p>Coupe \u00e9vas\u00e9e<br \/>\nManches 3\/4 bouffantes<br \/>\nLongueur genoux<br \/>\nCol V<\/p>\n<h3><strong>Coloris<\/strong>\u00a0:<\/h3>\n<p>Imprim\u00e9 fleuri<\/p>\n<h3><strong>Composition<\/strong> :<\/h3>\n<p>100% Polyester<br \/>\nCr\u00e9ation fran\u00e7aise<\/p>\n<h3><strong>Entretien<\/strong>\u00a0:<\/h3>\n<p>Lavage \u00e0 la main, s\u00e8che-linge interdit<\/p>\n","protected":false},"excerpt":{"rendered":"<p>La robe Roxanne mixe \u00e9l\u00e9gance et allure actuelle. Avec ses nombreux d\u00e9tails, comme ses manches bouffantes et son imprim\u00e9 fleuri, elle sera une pr\u00e9cieuse alli\u00e9e pour les beaux jours. Elle est confectionn\u00e9e dans une mati\u00e8re agr\u00e9able \u00e0 porter. Jouez avec pour lui donner diff\u00e9rentes allures. Le petit plus de cette robe : elle peut se porter pour toutes les saisons&#8230;<\/p>\n","protected":false},"featured_media":3164,"comment_status":"open","ping_status":"closed","template":"","meta":{"_glsr_average":0,"_glsr_ranking":0,"_glsr_reviews":0},"product_cat":[125,143],"product_tag":[188,258,259,260],"_links":{"self":[{"href":"https:\/\/lesaccordsdechloe.com\/index.php\/wp-json\/wp\/v2\/product\/3151"}],"collection":[{"href":"https:\/\/lesaccordsdechloe.com\/index.php\/wp-json\/wp\/v2\/product"}],"about":[{"href":"https:\/\/lesaccordsdechloe.com\/index.php\/wp-json\/wp\/v2\/types\/product"}],"replies":[{"embeddable":true,"href":"https:\/\/lesaccordsdechloe.com\/index.php\/wp-json\/wp\/v2\/comments?post=3151"}],"wp:featuredmedia":[{"embeddable":true,"href":"https:\/\/lesaccordsdechloe.com\/index.php\/wp-json\/wp\/v2\/media\/3164"}],"wp:attachment":[{"href":"https:\/\/lesaccordsdechloe.com\/index.php\/wp-json\/wp\/v2\/media?parent=3151"}],"wp:term":[{"taxonomy":"product_cat","embeddable":true,"href":"https:\/\/lesaccordsdechloe.com\/index.php\/wp-json\/wp\/v2\/product_cat?post=3151"},{"taxonomy":"product_tag","embeddable":true,"href":"https:\/\/lesaccordsdechloe.com\/index.php\/wp-json\/wp\/v2\/product_tag?post=3151"}],"curies":[{"name":"wp","href":"https:\/\/api.w.org\/{rel}","templated":true}]}}