{"id":3146,"date":"2022-06-11T07:43:30","date_gmt":"2022-06-11T07:43:30","guid":{"rendered":"https:\/\/lesaccordsdechloe.com\/?post_type=product&#038;p=3146"},"modified":"2024-08-18T13:01:50","modified_gmt":"2024-08-18T13:01:50","slug":"blouse-manches-courtes-fleurie-emy","status":"publish","type":"product","link":"https:\/\/lesaccordsdechloe.com\/index.php\/produit\/blouse-manches-courtes-fleurie-emy\/","title":{"rendered":"Blouse manches courtes fleurie Emy"},"content":{"rendered":"<h3><strong>Taille<\/strong>\u00a0:<\/h3>\n<p>Longueur : 65 cm<br \/>\nTour de poitrine : Taille S : 96 cm \/ Taille M : 102 cm \/ Taille L : 106 cm \/ Taille XL : 110 cm<br \/>\nEpaules : 40 &#8211; 44 cm<br \/>\nLe mannequin mesure 1m71 et porte une taille L<br \/>\nPrenez votre taille habituelle.<\/p>\n<h3><strong>D\u00e9tails<\/strong>\u00a0:<\/h3>\n<p>Coupe droite<br \/>\nManches courtes bouffantes<br \/>\nBoutons sur l&#8217;avant<br \/>\nCol V<\/p>\n<h3><strong>Coloris<\/strong>\u00a0:<\/h3>\n<p>Imprim\u00e9 fleuri bleu<\/p>\n<h3><strong>Composition<\/strong> :<\/h3>\n<p>100% Viscose<br \/>\nCr\u00e9ation fran\u00e7aise<\/p>\n<h3><strong>Entretien<\/strong>\u00a0:<\/h3>\n<p>Lavage \u00e0 30\u00b0 en machine, s\u00e8che-linge interdit<\/p>\n","protected":false},"excerpt":{"rendered":"<p>La blouse Emy fera chavirer vos c\u0153urs avec sa d\u00e9licatesse. Sa coupe courte ne vous laissera pas indiff\u00e9rente. Vous pouvez la porter avec un short, un jean ou un pantalon taille haute blanc.<\/p>\n","protected":false},"featured_media":3160,"comment_status":"open","ping_status":"closed","template":"","meta":{"_glsr_average":0,"_glsr_ranking":0,"_glsr_reviews":0},"product_cat":[187,143],"product_tag":[254,256,257,255],"_links":{"self":[{"href":"https:\/\/lesaccordsdechloe.com\/index.php\/wp-json\/wp\/v2\/product\/3146"}],"collection":[{"href":"https:\/\/lesaccordsdechloe.com\/index.php\/wp-json\/wp\/v2\/product"}],"about":[{"href":"https:\/\/lesaccordsdechloe.com\/index.php\/wp-json\/wp\/v2\/types\/product"}],"replies":[{"embeddable":true,"href":"https:\/\/lesaccordsdechloe.com\/index.php\/wp-json\/wp\/v2\/comments?post=3146"}],"wp:featuredmedia":[{"embeddable":true,"href":"https:\/\/lesaccordsdechloe.com\/index.php\/wp-json\/wp\/v2\/media\/3160"}],"wp:attachment":[{"href":"https:\/\/lesaccordsdechloe.com\/index.php\/wp-json\/wp\/v2\/media?parent=3146"}],"wp:term":[{"taxonomy":"product_cat","embeddable":true,"href":"https:\/\/lesaccordsdechloe.com\/index.php\/wp-json\/wp\/v2\/product_cat?post=3146"},{"taxonomy":"product_tag","embeddable":true,"href":"https:\/\/lesaccordsdechloe.com\/index.php\/wp-json\/wp\/v2\/product_tag?post=3146"}],"curies":[{"name":"wp","href":"https:\/\/api.w.org\/{rel}","templated":true}]}}