{"id":3141,"date":"2022-06-11T07:35:11","date_gmt":"2022-06-11T07:35:11","guid":{"rendered":"https:\/\/lesaccordsdechloe.com\/?post_type=product&#038;p=3141"},"modified":"2024-03-12T19:53:29","modified_gmt":"2024-03-12T19:53:29","slug":"short-court-luka","status":"publish","type":"product","link":"https:\/\/lesaccordsdechloe.com\/index.php\/produit\/short-court-luka\/","title":{"rendered":"Short court Luka"},"content":{"rendered":"<h3><strong>Taille<\/strong>\u00a0:<\/h3>\n<p>Longueur : 45 cm<br \/>\nTour de taille : Taille S : 74 cm \/ Taille M : 78 cm \/ Taille L : 82 cm \/ Taille XL : 86 cm<br \/>\nLe mannequin mesure 1m71 et porte une taille M<br \/>\nPrenez votre taille habituelle.<\/p>\n<h3><strong>D\u00e9tails<\/strong>\u00a0:<\/h3>\n<p>Coupe \u00e9vas\u00e9e<br \/>\nCeinture \u00e9lastique<\/p>\n<h3><strong>Coloris<\/strong>\u00a0:<\/h3>\n<p>Imprim\u00e9 bariol\u00e9 bleu<\/p>\n<h3><strong>Composition<\/strong> :<\/h3>\n<p>100% Viscose<br \/>\nCr\u00e9ation fran\u00e7aise<\/p>\n<h3><strong>Entretien<\/strong>\u00a0:<\/h3>\n<p>Lavage \u00e0 30\u00b0 en machine, s\u00e8che-linge interdit<\/p>\n","protected":false},"excerpt":{"rendered":"<p>Le short Luka id\u00e9al pour l\u2019\u00e9t\u00e9 et \u00e0 avoir absolument dans son dressing pour fl\u00e2ner dans la ville ou sur la plage!<br \/>\nSa coupe taille haute, ses poches sur l\u2019avant et son imprim\u00e9 boh\u00e9mien lui donne un look affirm\u00e9.<\/p>\n","protected":false},"featured_media":3156,"comment_status":"open","ping_status":"closed","template":"","meta":{"_glsr_average":0,"_glsr_ranking":0,"_glsr_reviews":0},"product_cat":[122,143],"product_tag":[250,251,253,252],"_links":{"self":[{"href":"https:\/\/lesaccordsdechloe.com\/index.php\/wp-json\/wp\/v2\/product\/3141"}],"collection":[{"href":"https:\/\/lesaccordsdechloe.com\/index.php\/wp-json\/wp\/v2\/product"}],"about":[{"href":"https:\/\/lesaccordsdechloe.com\/index.php\/wp-json\/wp\/v2\/types\/product"}],"replies":[{"embeddable":true,"href":"https:\/\/lesaccordsdechloe.com\/index.php\/wp-json\/wp\/v2\/comments?post=3141"}],"wp:featuredmedia":[{"embeddable":true,"href":"https:\/\/lesaccordsdechloe.com\/index.php\/wp-json\/wp\/v2\/media\/3156"}],"wp:attachment":[{"href":"https:\/\/lesaccordsdechloe.com\/index.php\/wp-json\/wp\/v2\/media?parent=3141"}],"wp:term":[{"taxonomy":"product_cat","embeddable":true,"href":"https:\/\/lesaccordsdechloe.com\/index.php\/wp-json\/wp\/v2\/product_cat?post=3141"},{"taxonomy":"product_tag","embeddable":true,"href":"https:\/\/lesaccordsdechloe.com\/index.php\/wp-json\/wp\/v2\/product_tag?post=3141"}],"curies":[{"name":"wp","href":"https:\/\/api.w.org\/{rel}","templated":true}]}}