{"id":3096,"date":"2022-04-26T20:37:12","date_gmt":"2022-04-26T20:37:12","guid":{"rendered":"https:\/\/lesaccordsdechloe.com\/?post_type=product&#038;p=3096"},"modified":"2024-03-12T20:43:21","modified_gmt":"2024-03-12T20:43:21","slug":"bracelet-julio-dore-et-rose","status":"publish","type":"product","link":"https:\/\/lesaccordsdechloe.com\/index.php\/produit\/bracelet-julio-dore-et-rose\/","title":{"rendered":"Bracelet Julio dor\u00e9 et rose"},"content":{"rendered":"<h3><strong>Coupe<\/strong>\u00a0:<\/h3>\n<p>Taille unique et ajustable<\/p>\n<h3><strong>Coloris<\/strong>\u00a0:<\/h3>\n<p>Dor\u00e9 et rose p\u00e2le<\/p>\n<h3><strong>Composition<\/strong> :<\/h3>\n<p>100% Acier inoxydable<br \/>\nCr\u00e9ation fran\u00e7aise<\/p>\n","protected":false},"excerpt":{"rendered":"<p>Le bracelet Julio pr\u00e9sente une teinte dor\u00e9e et des pierres color\u00e9es qui apporteront de la couleur et un style remarquable \u00e0 vos tenues quotidiennes. Il vous apportera des touches de luminosit\u00e9 sur vos tenues.<\/p>\n","protected":false},"featured_media":3105,"comment_status":"open","ping_status":"closed","template":"","meta":{"_glsr_average":0,"_glsr_ranking":0,"_glsr_reviews":0},"product_cat":[131,141,143],"product_tag":[227,235,236],"_links":{"self":[{"href":"https:\/\/lesaccordsdechloe.com\/index.php\/wp-json\/wp\/v2\/product\/3096"}],"collection":[{"href":"https:\/\/lesaccordsdechloe.com\/index.php\/wp-json\/wp\/v2\/product"}],"about":[{"href":"https:\/\/lesaccordsdechloe.com\/index.php\/wp-json\/wp\/v2\/types\/product"}],"replies":[{"embeddable":true,"href":"https:\/\/lesaccordsdechloe.com\/index.php\/wp-json\/wp\/v2\/comments?post=3096"}],"wp:featuredmedia":[{"embeddable":true,"href":"https:\/\/lesaccordsdechloe.com\/index.php\/wp-json\/wp\/v2\/media\/3105"}],"wp:attachment":[{"href":"https:\/\/lesaccordsdechloe.com\/index.php\/wp-json\/wp\/v2\/media?parent=3096"}],"wp:term":[{"taxonomy":"product_cat","embeddable":true,"href":"https:\/\/lesaccordsdechloe.com\/index.php\/wp-json\/wp\/v2\/product_cat?post=3096"},{"taxonomy":"product_tag","embeddable":true,"href":"https:\/\/lesaccordsdechloe.com\/index.php\/wp-json\/wp\/v2\/product_tag?post=3096"}],"curies":[{"name":"wp","href":"https:\/\/api.w.org\/{rel}","templated":true}]}}