{"id":3095,"date":"2022-04-26T20:34:39","date_gmt":"2022-04-26T20:34:39","guid":{"rendered":"https:\/\/lesaccordsdechloe.com\/?post_type=product&#038;p=3095"},"modified":"2024-03-12T16:54:06","modified_gmt":"2024-03-12T16:54:06","slug":"bracelet-lucien-dore-et-noir","status":"publish","type":"product","link":"https:\/\/lesaccordsdechloe.com\/index.php\/produit\/bracelet-lucien-dore-et-noir\/","title":{"rendered":"Bracelet Lucien dor\u00e9 et noir"},"content":{"rendered":"<h3><strong>Coupe<\/strong>\u00a0:<\/h3>\n<p>Taille unique et ajustable<\/p>\n<h3><strong>Coloris<\/strong>\u00a0:<\/h3>\n<p>Noir et dor\u00e9<\/p>\n<h3><strong>Composition<\/strong> :<\/h3>\n<p>100% Acier inoxydable<br \/>\nCr\u00e9ation fran\u00e7aise<\/p>\n","protected":false},"excerpt":{"rendered":"<p>Le bracelet Lucien pr\u00e9sente une teinte dor\u00e9e et des pierres noires qui apporteront de la couleur et un style remarquable \u00e0 vos tenues quotidiennes. Il vous donnera une allure f\u00e9minine et raffin\u00e9e.<\/p>\n","protected":false},"featured_media":3108,"comment_status":"open","ping_status":"closed","template":"","meta":{"_glsr_average":0,"_glsr_ranking":0,"_glsr_reviews":0},"product_cat":[131,141,143],"product_tag":[226,227,228],"_links":{"self":[{"href":"https:\/\/lesaccordsdechloe.com\/index.php\/wp-json\/wp\/v2\/product\/3095"}],"collection":[{"href":"https:\/\/lesaccordsdechloe.com\/index.php\/wp-json\/wp\/v2\/product"}],"about":[{"href":"https:\/\/lesaccordsdechloe.com\/index.php\/wp-json\/wp\/v2\/types\/product"}],"replies":[{"embeddable":true,"href":"https:\/\/lesaccordsdechloe.com\/index.php\/wp-json\/wp\/v2\/comments?post=3095"}],"wp:featuredmedia":[{"embeddable":true,"href":"https:\/\/lesaccordsdechloe.com\/index.php\/wp-json\/wp\/v2\/media\/3108"}],"wp:attachment":[{"href":"https:\/\/lesaccordsdechloe.com\/index.php\/wp-json\/wp\/v2\/media?parent=3095"}],"wp:term":[{"taxonomy":"product_cat","embeddable":true,"href":"https:\/\/lesaccordsdechloe.com\/index.php\/wp-json\/wp\/v2\/product_cat?post=3095"},{"taxonomy":"product_tag","embeddable":true,"href":"https:\/\/lesaccordsdechloe.com\/index.php\/wp-json\/wp\/v2\/product_tag?post=3095"}],"curies":[{"name":"wp","href":"https:\/\/api.w.org\/{rel}","templated":true}]}}