{"id":3094,"date":"2022-04-26T20:31:32","date_gmt":"2022-04-26T20:31:32","guid":{"rendered":"https:\/\/lesaccordsdechloe.com\/?post_type=product&#038;p=3094"},"modified":"2024-03-12T16:42:43","modified_gmt":"2024-03-12T16:42:43","slug":"bracelet-gabriel-dore-et-blanc","status":"publish","type":"product","link":"https:\/\/lesaccordsdechloe.com\/index.php\/produit\/bracelet-gabriel-dore-et-blanc\/","title":{"rendered":"Bracelet Gabriel dor\u00e9 et blanc"},"content":{"rendered":"<h3><strong>Coupe<\/strong>\u00a0:<\/h3>\n<p>Taille unique et ajustable<\/p>\n<h3><strong>D\u00e9tails<\/strong>\u00a0:<\/h3>\n<p>Pierres blanches<br \/>\nDouble cha\u00eene<br \/>\nEtoile pendante<br \/>\nPierre pendante<\/p>\n<h3><strong>Coloris<\/strong>\u00a0:<\/h3>\n<p>Dor\u00e9 et blanc<\/p>\n<h3><strong>Composition<\/strong> :<\/h3>\n<p>100% Acier inoxydable<br \/>\nCr\u00e9ation fran\u00e7aise<\/p>\n","protected":false},"excerpt":{"rendered":"<p>Le bracelet Gabriel pr\u00e9sente une teinte dor\u00e9e et des pierres color\u00e9es qui apporteront de la couleur et un style remarquable \u00e0 vos tenues quotidiennes. Il sera votre meilleur ami pour un look f\u00e9minin et raffin\u00e9.<\/p>\n","protected":false},"featured_media":3097,"comment_status":"open","ping_status":"closed","template":"","meta":{"_glsr_average":0,"_glsr_ranking":0,"_glsr_reviews":0},"product_cat":[131,141,143],"product_tag":[231,229,230,232],"_links":{"self":[{"href":"https:\/\/lesaccordsdechloe.com\/index.php\/wp-json\/wp\/v2\/product\/3094"}],"collection":[{"href":"https:\/\/lesaccordsdechloe.com\/index.php\/wp-json\/wp\/v2\/product"}],"about":[{"href":"https:\/\/lesaccordsdechloe.com\/index.php\/wp-json\/wp\/v2\/types\/product"}],"replies":[{"embeddable":true,"href":"https:\/\/lesaccordsdechloe.com\/index.php\/wp-json\/wp\/v2\/comments?post=3094"}],"wp:featuredmedia":[{"embeddable":true,"href":"https:\/\/lesaccordsdechloe.com\/index.php\/wp-json\/wp\/v2\/media\/3097"}],"wp:attachment":[{"href":"https:\/\/lesaccordsdechloe.com\/index.php\/wp-json\/wp\/v2\/media?parent=3094"}],"wp:term":[{"taxonomy":"product_cat","embeddable":true,"href":"https:\/\/lesaccordsdechloe.com\/index.php\/wp-json\/wp\/v2\/product_cat?post=3094"},{"taxonomy":"product_tag","embeddable":true,"href":"https:\/\/lesaccordsdechloe.com\/index.php\/wp-json\/wp\/v2\/product_tag?post=3094"}],"curies":[{"name":"wp","href":"https:\/\/api.w.org\/{rel}","templated":true}]}}