{"id":3090,"date":"2022-04-26T20:12:32","date_gmt":"2022-04-26T20:12:32","guid":{"rendered":"https:\/\/lesaccordsdechloe.com\/?post_type=product&#038;p=3090"},"modified":"2024-03-12T16:47:10","modified_gmt":"2024-03-12T16:47:10","slug":"boucles-doreilles-ava-rose-pale","status":"publish","type":"product","link":"https:\/\/lesaccordsdechloe.com\/index.php\/produit\/boucles-doreilles-ava-rose-pale\/","title":{"rendered":"Boucles d&#8217;oreilles Ava rose p\u00e2le"},"content":{"rendered":"<h3><strong>Coupe<\/strong>\u00a0:<\/h3>\n<p>Taille unique<\/p>\n<h3><strong>D\u00e9tails<\/strong>\u00a0:<\/h3>\n<p>Conviennent aux oreilles perc\u00e9es<\/p>\n<h3><strong>Coloris<\/strong>\u00a0:<\/h3>\n<p>Dor\u00e9 et rose p\u00e2le<\/p>\n<h3><strong>Composition<\/strong> :<\/h3>\n<p>100% Acier inoxydable<br \/>\nCr\u00e9ation fran\u00e7aise<\/p>\n","protected":false},"excerpt":{"rendered":"<p>Avec leur pierre rose p\u00e2le et leur base en laiton dor\u00e9, les boucles d\u2019oreilles Ava affichent une allure \u00e0 la fois boh\u00e8me et f\u00e9minine. Elles accessoiriseront \u00e0 merveille vos tenues, des plus raffin\u00e9es aux plus casuals.<\/p>\n","protected":false},"featured_media":3121,"comment_status":"open","ping_status":"closed","template":"","meta":{"_glsr_average":0,"_glsr_ranking":0,"_glsr_reviews":0},"product_cat":[131,141,143],"product_tag":[245,246],"_links":{"self":[{"href":"https:\/\/lesaccordsdechloe.com\/index.php\/wp-json\/wp\/v2\/product\/3090"}],"collection":[{"href":"https:\/\/lesaccordsdechloe.com\/index.php\/wp-json\/wp\/v2\/product"}],"about":[{"href":"https:\/\/lesaccordsdechloe.com\/index.php\/wp-json\/wp\/v2\/types\/product"}],"replies":[{"embeddable":true,"href":"https:\/\/lesaccordsdechloe.com\/index.php\/wp-json\/wp\/v2\/comments?post=3090"}],"wp:featuredmedia":[{"embeddable":true,"href":"https:\/\/lesaccordsdechloe.com\/index.php\/wp-json\/wp\/v2\/media\/3121"}],"wp:attachment":[{"href":"https:\/\/lesaccordsdechloe.com\/index.php\/wp-json\/wp\/v2\/media?parent=3090"}],"wp:term":[{"taxonomy":"product_cat","embeddable":true,"href":"https:\/\/lesaccordsdechloe.com\/index.php\/wp-json\/wp\/v2\/product_cat?post=3090"},{"taxonomy":"product_tag","embeddable":true,"href":"https:\/\/lesaccordsdechloe.com\/index.php\/wp-json\/wp\/v2\/product_tag?post=3090"}],"curies":[{"name":"wp","href":"https:\/\/api.w.org\/{rel}","templated":true}]}}