{"id":3088,"date":"2022-04-26T20:03:26","date_gmt":"2022-04-26T20:03:26","guid":{"rendered":"https:\/\/lesaccordsdechloe.com\/?post_type=product&#038;p=3088"},"modified":"2024-06-19T15:08:17","modified_gmt":"2024-06-19T15:08:17","slug":"bague-lilou-or","status":"publish","type":"product","link":"https:\/\/lesaccordsdechloe.com\/index.php\/produit\/bague-lilou-or\/","title":{"rendered":"Bague Lilou or"},"content":{"rendered":"<h3><strong>Coupe<\/strong>\u00a0:<\/h3>\n<p>Taille unique et ajustable<\/p>\n<h3><strong>Coloris<\/strong>\u00a0:<\/h3>\n<p>Dor\u00e9<\/p>\n<h3><strong>Composition<\/strong> :<\/h3>\n<p>100% acier inoxydable<br \/>\nCr\u00e9ation fran\u00e7aise<\/p>\n","protected":false},"excerpt":{"rendered":"<p>La bague Lilou pr\u00e9sente une allure d\u00e9contract\u00e9e avec sa teinte dor\u00e9e raffin\u00e9e et sa simplicit\u00e9. Elle pr\u00e9sente un beau volume qui habillera vos mains d\u2019une touche de raffinement.<\/p>\n","protected":false},"featured_media":3104,"comment_status":"open","ping_status":"closed","template":"","meta":{"_glsr_average":0,"_glsr_ranking":0,"_glsr_reviews":0},"product_cat":[131,141,143],"product_tag":[224,220,234,233],"_links":{"self":[{"href":"https:\/\/lesaccordsdechloe.com\/index.php\/wp-json\/wp\/v2\/product\/3088"}],"collection":[{"href":"https:\/\/lesaccordsdechloe.com\/index.php\/wp-json\/wp\/v2\/product"}],"about":[{"href":"https:\/\/lesaccordsdechloe.com\/index.php\/wp-json\/wp\/v2\/types\/product"}],"replies":[{"embeddable":true,"href":"https:\/\/lesaccordsdechloe.com\/index.php\/wp-json\/wp\/v2\/comments?post=3088"}],"wp:featuredmedia":[{"embeddable":true,"href":"https:\/\/lesaccordsdechloe.com\/index.php\/wp-json\/wp\/v2\/media\/3104"}],"wp:attachment":[{"href":"https:\/\/lesaccordsdechloe.com\/index.php\/wp-json\/wp\/v2\/media?parent=3088"}],"wp:term":[{"taxonomy":"product_cat","embeddable":true,"href":"https:\/\/lesaccordsdechloe.com\/index.php\/wp-json\/wp\/v2\/product_cat?post=3088"},{"taxonomy":"product_tag","embeddable":true,"href":"https:\/\/lesaccordsdechloe.com\/index.php\/wp-json\/wp\/v2\/product_tag?post=3088"}],"curies":[{"name":"wp","href":"https:\/\/api.w.org\/{rel}","templated":true}]}}