{"id":3087,"date":"2022-04-26T20:00:18","date_gmt":"2022-04-26T20:00:18","guid":{"rendered":"https:\/\/lesaccordsdechloe.com\/?post_type=product&#038;p=3087"},"modified":"2024-03-12T17:48:43","modified_gmt":"2024-03-12T17:48:43","slug":"bague-judy-or","status":"publish","type":"product","link":"https:\/\/lesaccordsdechloe.com\/index.php\/produit\/bague-judy-or\/","title":{"rendered":"Bague Judy or"},"content":{"rendered":"<h3><strong>Coupe <\/strong>\u00a0:<\/h3>\n<p>Taille unique et ajustable.<\/p>\n<h3><strong>Coloris<\/strong>\u00a0:<\/h3>\n<p>Dor\u00e9<\/p>\n<h3><strong>Composition<\/strong> :<\/h3>\n<p>100% acier inoxydable<br \/>\nCr\u00e9ation fran\u00e7aise<\/p>\n","protected":false},"excerpt":{"rendered":"<p>La bague Judy pr\u00e9sente une allure f\u00e9minine avec sa teinte dor\u00e9e raffin\u00e9e. Elle pr\u00e9sente un beau volume qui habillera vos mains d\u2019une touche de raffinement. Elle ajoutera de la fra\u00eecheur \u00e0 tous vos looks.<\/p>\n","protected":false},"featured_media":3103,"comment_status":"open","ping_status":"closed","template":"","meta":{"_glsr_average":0,"_glsr_ranking":0,"_glsr_reviews":0},"product_cat":[131,141,143],"product_tag":[224,220,225],"_links":{"self":[{"href":"https:\/\/lesaccordsdechloe.com\/index.php\/wp-json\/wp\/v2\/product\/3087"}],"collection":[{"href":"https:\/\/lesaccordsdechloe.com\/index.php\/wp-json\/wp\/v2\/product"}],"about":[{"href":"https:\/\/lesaccordsdechloe.com\/index.php\/wp-json\/wp\/v2\/types\/product"}],"replies":[{"embeddable":true,"href":"https:\/\/lesaccordsdechloe.com\/index.php\/wp-json\/wp\/v2\/comments?post=3087"}],"wp:featuredmedia":[{"embeddable":true,"href":"https:\/\/lesaccordsdechloe.com\/index.php\/wp-json\/wp\/v2\/media\/3103"}],"wp:attachment":[{"href":"https:\/\/lesaccordsdechloe.com\/index.php\/wp-json\/wp\/v2\/media?parent=3087"}],"wp:term":[{"taxonomy":"product_cat","embeddable":true,"href":"https:\/\/lesaccordsdechloe.com\/index.php\/wp-json\/wp\/v2\/product_cat?post=3087"},{"taxonomy":"product_tag","embeddable":true,"href":"https:\/\/lesaccordsdechloe.com\/index.php\/wp-json\/wp\/v2\/product_tag?post=3087"}],"curies":[{"name":"wp","href":"https:\/\/api.w.org\/{rel}","templated":true}]}}