{"id":3084,"date":"2022-04-26T19:55:50","date_gmt":"2022-04-26T19:55:50","guid":{"rendered":"https:\/\/lesaccordsdechloe.com\/?post_type=product&#038;p=3084"},"modified":"2024-06-19T15:09:24","modified_gmt":"2024-06-19T15:09:24","slug":"bague-paulette-or","status":"publish","type":"product","link":"https:\/\/lesaccordsdechloe.com\/index.php\/produit\/bague-paulette-or\/","title":{"rendered":"Bague Paulette or"},"content":{"rendered":"<h3><strong>Taille<\/strong>\u00a0:<\/h3>\n<p>R\u00e9glable\/Ajustable<\/p>\n<h3><strong>D\u00e9tails<\/strong>\u00a0:<\/h3>\n<p>Soleil rond<br \/>\nPierre au centre<br \/>\nForme fleurs<\/p>\n<h3><strong>Coloris<\/strong>\u00a0:<\/h3>\n<p>Or et Vert<br \/>\nOr et Marron<\/p>\n<h3><strong>Composition<\/strong> :<\/h3>\n<p>100% Acier inoxydable<\/p>\n<h3><strong>Entretien<\/strong>\u00a0:<\/h3>\n<p>Ne pas la mettre sous l&#8217;eau.<\/p>\n","protected":false},"excerpt":{"rendered":"<p>Joyeusement color\u00e9e, la bague Paulette c\u00e9l\u00e8bre l\u2019esprit boh\u00e8me et f\u00e9minin. Son c\u0153ur en pierre sera parfait pour habiller vos mains d\u2019une touche de raffinement. Elle pr\u00e9sente des d\u00e9tails ajour\u00e9s et s\u2019ajustera \u00e0 votre convenance.<\/p>\n","protected":false},"featured_media":3100,"comment_status":"open","ping_status":"closed","template":"","meta":{"_glsr_average":0,"_glsr_ranking":0,"_glsr_reviews":0},"product_cat":[131,141,143],"product_tag":[224,220,221,223,222],"_links":{"self":[{"href":"https:\/\/lesaccordsdechloe.com\/index.php\/wp-json\/wp\/v2\/product\/3084"}],"collection":[{"href":"https:\/\/lesaccordsdechloe.com\/index.php\/wp-json\/wp\/v2\/product"}],"about":[{"href":"https:\/\/lesaccordsdechloe.com\/index.php\/wp-json\/wp\/v2\/types\/product"}],"replies":[{"embeddable":true,"href":"https:\/\/lesaccordsdechloe.com\/index.php\/wp-json\/wp\/v2\/comments?post=3084"}],"wp:featuredmedia":[{"embeddable":true,"href":"https:\/\/lesaccordsdechloe.com\/index.php\/wp-json\/wp\/v2\/media\/3100"}],"wp:attachment":[{"href":"https:\/\/lesaccordsdechloe.com\/index.php\/wp-json\/wp\/v2\/media?parent=3084"}],"wp:term":[{"taxonomy":"product_cat","embeddable":true,"href":"https:\/\/lesaccordsdechloe.com\/index.php\/wp-json\/wp\/v2\/product_cat?post=3084"},{"taxonomy":"product_tag","embeddable":true,"href":"https:\/\/lesaccordsdechloe.com\/index.php\/wp-json\/wp\/v2\/product_tag?post=3084"}],"curies":[{"name":"wp","href":"https:\/\/api.w.org\/{rel}","templated":true}]}}