{"id":3078,"date":"2022-04-26T19:41:22","date_gmt":"2022-04-26T19:41:22","guid":{"rendered":"https:\/\/lesaccordsdechloe.com\/?post_type=product&#038;p=3078"},"modified":"2022-10-28T11:37:31","modified_gmt":"2022-10-28T11:37:31","slug":"blouse-maud-fleurie","status":"publish","type":"product","link":"https:\/\/lesaccordsdechloe.com\/index.php\/produit\/blouse-maud-fleurie\/","title":{"rendered":"Blouse Maud fleurie"},"content":{"rendered":"<h3><strong>Taille<\/strong>\u00a0:<\/h3>\n<p>Longueur : 66 cm<br \/>\nTour de poitrine : Taille S :\u00a0 100 cm \/ Taille M :\u00a0 104 cm \/ Taille L : 114 cm \/ Taille XL : 116 cm \/ Taille XXL : 120 cm<br \/>\nEpaules : 40 &#8211; 53 cm<br \/>\nLe mannequin mesure 1m71 et porte une taille L<br \/>\nPrenez votre taille habituelle.<\/p>\n<h3><strong>D\u00e9tails<\/strong>\u00a0:<\/h3>\n<p>Coupe droite<br \/>\nManches 3\/4 bouffantes<br \/>\nCol V<br \/>\nD\u00e9collet\u00e9 boutonn\u00e9<\/p>\n<h3><strong>Coloris<\/strong>\u00a0:<\/h3>\n<p>Imprim\u00e9 fleuri<\/p>\n<h3><strong>Composition<\/strong> :<\/h3>\n<p>100% Viscose<br \/>\nCr\u00e9ation fran\u00e7aise<\/p>\n<h3><strong>Entretien<\/strong>\u00a0:<\/h3>\n<p>Lavage en machine 30\u00b0, s\u00e8che-linge interdit<\/p>\n","protected":false},"excerpt":{"rendered":"<p>La blouse Maud illustre vos coups de coeur pour les pi\u00e8ces boh\u00e8mes et f\u00e9minines. Elle opte pour un tomb\u00e9 souple et dansant. Portez la avec notre pantalon Mario ou notre jeans mom Manon pour un look frais et color\u00e9.<\/p>\n","protected":false},"featured_media":3111,"comment_status":"open","ping_status":"closed","template":"","meta":{"_glsr_average":0,"_glsr_ranking":0,"_glsr_reviews":0},"product_cat":[187,143],"product_tag":[243,244],"_links":{"self":[{"href":"https:\/\/lesaccordsdechloe.com\/index.php\/wp-json\/wp\/v2\/product\/3078"}],"collection":[{"href":"https:\/\/lesaccordsdechloe.com\/index.php\/wp-json\/wp\/v2\/product"}],"about":[{"href":"https:\/\/lesaccordsdechloe.com\/index.php\/wp-json\/wp\/v2\/types\/product"}],"replies":[{"embeddable":true,"href":"https:\/\/lesaccordsdechloe.com\/index.php\/wp-json\/wp\/v2\/comments?post=3078"}],"wp:featuredmedia":[{"embeddable":true,"href":"https:\/\/lesaccordsdechloe.com\/index.php\/wp-json\/wp\/v2\/media\/3111"}],"wp:attachment":[{"href":"https:\/\/lesaccordsdechloe.com\/index.php\/wp-json\/wp\/v2\/media?parent=3078"}],"wp:term":[{"taxonomy":"product_cat","embeddable":true,"href":"https:\/\/lesaccordsdechloe.com\/index.php\/wp-json\/wp\/v2\/product_cat?post=3078"},{"taxonomy":"product_tag","embeddable":true,"href":"https:\/\/lesaccordsdechloe.com\/index.php\/wp-json\/wp\/v2\/product_tag?post=3078"}],"curies":[{"name":"wp","href":"https:\/\/api.w.org\/{rel}","templated":true}]}}