{"id":3072,"date":"2022-04-26T19:30:22","date_gmt":"2022-04-26T19:30:22","guid":{"rendered":"https:\/\/lesaccordsdechloe.com\/?post_type=product&#038;p=3072"},"modified":"2024-06-19T15:10:32","modified_gmt":"2024-06-19T15:10:32","slug":"t-shirt-simon-blanc","status":"publish","type":"product","link":"https:\/\/lesaccordsdechloe.com\/index.php\/produit\/t-shirt-simon-blanc\/","title":{"rendered":"T-shirt Simon blanc"},"content":{"rendered":"<h3><strong>Taille<\/strong>\u00a0:<\/h3>\n<p>Longueur : 59 cm<br \/>\nTour de poitrine : Taille S\/M : 100 cm \/ Taille L\/XL : 108 cm<br \/>\nEpaules : 40 &#8211; 44 cm<br \/>\nLe mannequin mesure 1m71 et porte une taille L\/XL<br \/>\nPrenez votre taille habituelle.<\/p>\n<h3><strong>D\u00e9tails<\/strong>\u00a0:<\/h3>\n<p>Coupe droite<br \/>\nManches courtes<br \/>\nD\u00e9collet\u00e9 en dentelle<br \/>\nCol V<\/p>\n<h3><strong>Coloris<\/strong>\u00a0:<\/h3>\n<p>Blanc<\/p>\n<h3><strong>Composition<\/strong> :<\/h3>\n<p>100% Coton<br \/>\nCr\u00e9ation fran\u00e7aise<\/p>\n<h3><strong>Entretien<\/strong>\u00a0:<\/h3>\n<p>Lavage \u00e0 30\u00b0 en machine, s\u00e8che-linge interdit<\/p>\n","protected":false},"excerpt":{"rendered":"<p>Le t-shirt Simon mixe \u00e9l\u00e9gance et simplicit\u00e9. Avec ses nombreux d\u00e9tails, comme son d\u00e9collet\u00e9 en dentelle et sa couleur unique, sera votre meilleur allier pour cet \u00e9t\u00e9. Elle est confectionn\u00e9e dans une mati\u00e8re agr\u00e9able \u00e0 porter. Portez-le avec le jeans mom Manon, un short en jeans ou la jupe longue Ga\u00efa.<\/p>\n","protected":false},"featured_media":3114,"comment_status":"open","ping_status":"closed","template":"","meta":{"_glsr_average":0,"_glsr_ranking":0,"_glsr_reviews":0},"product_cat":[186,143],"product_tag":[241,150,242,240,239],"_links":{"self":[{"href":"https:\/\/lesaccordsdechloe.com\/index.php\/wp-json\/wp\/v2\/product\/3072"}],"collection":[{"href":"https:\/\/lesaccordsdechloe.com\/index.php\/wp-json\/wp\/v2\/product"}],"about":[{"href":"https:\/\/lesaccordsdechloe.com\/index.php\/wp-json\/wp\/v2\/types\/product"}],"replies":[{"embeddable":true,"href":"https:\/\/lesaccordsdechloe.com\/index.php\/wp-json\/wp\/v2\/comments?post=3072"}],"wp:featuredmedia":[{"embeddable":true,"href":"https:\/\/lesaccordsdechloe.com\/index.php\/wp-json\/wp\/v2\/media\/3114"}],"wp:attachment":[{"href":"https:\/\/lesaccordsdechloe.com\/index.php\/wp-json\/wp\/v2\/media?parent=3072"}],"wp:term":[{"taxonomy":"product_cat","embeddable":true,"href":"https:\/\/lesaccordsdechloe.com\/index.php\/wp-json\/wp\/v2\/product_cat?post=3072"},{"taxonomy":"product_tag","embeddable":true,"href":"https:\/\/lesaccordsdechloe.com\/index.php\/wp-json\/wp\/v2\/product_tag?post=3072"}],"curies":[{"name":"wp","href":"https:\/\/api.w.org\/{rel}","templated":true}]}}