{"id":3071,"date":"2022-04-26T19:21:03","date_gmt":"2022-04-26T19:21:03","guid":{"rendered":"https:\/\/lesaccordsdechloe.com\/?post_type=product&#038;p=3071"},"modified":"2024-03-11T17:22:25","modified_gmt":"2024-03-11T17:22:25","slug":"jupe-longue-gaia-fleurie","status":"publish","type":"product","link":"https:\/\/lesaccordsdechloe.com\/index.php\/produit\/jupe-longue-gaia-fleurie\/","title":{"rendered":"Jupe longue Ga\u00efa fleurie"},"content":{"rendered":"<h3><strong>Taille<\/strong>\u00a0:<\/h3>\n<p>Longueur : 86 cm<br \/>\nTour de taille : Taille S\/M min 35cm max 50cm \/ Taille L\/XL : min 37 cm max 54 cm<br \/>\nLe mannequin mesure 1m71 et porte une taille S\/M<br \/>\nPrenez votre taille habituelle.<\/p>\n<h3><strong>D\u00e9tails<\/strong>\u00a0:<\/h3>\n<p>Coupe fluide<br \/>\nL\u00e9g\u00e8re<br \/>\nLongueur cheville<br \/>\nTaille \u00e9lastique<br \/>\nL\u00e9g\u00e8rement transparente<\/p>\n<h3><strong>Coloris<\/strong>\u00a0:<\/h3>\n<p>Imprim\u00e9 fleuri<\/p>\n<h3><strong>Composition<\/strong> :<\/h3>\n<p>100% Viscose<br \/>\nCr\u00e9ation fran\u00e7aise<\/p>\n<h3><strong>Entretien<\/strong>\u00a0:<\/h3>\n<p>Lavage en machine \u00e0 30\u00b0, s\u00e8che-linge interdit<\/p>\n","protected":false},"excerpt":{"rendered":"<p>La jupe longue Ga\u00efa mixe \u00e9l\u00e9gance et allure actuelle. Avec son imprim\u00e9 fleuri et sa fluidit\u00e9, elle sera une pr\u00e9cieuse alli\u00e9e pour les beaux jours. Elle est confectionn\u00e9e dans une mati\u00e8re agr\u00e9able \u00e0 porter. Jouez avec pour lui donner diff\u00e9rentes allures. Portez-la avec un t-shirt blanc, une blouse blanche ou un pull \u00e9cru.<\/p>\n","protected":false},"featured_media":3117,"comment_status":"open","ping_status":"closed","template":"","meta":{"_glsr_average":0,"_glsr_ranking":0,"_glsr_reviews":0},"product_cat":[122,143],"product_tag":[237,238],"_links":{"self":[{"href":"https:\/\/lesaccordsdechloe.com\/index.php\/wp-json\/wp\/v2\/product\/3071"}],"collection":[{"href":"https:\/\/lesaccordsdechloe.com\/index.php\/wp-json\/wp\/v2\/product"}],"about":[{"href":"https:\/\/lesaccordsdechloe.com\/index.php\/wp-json\/wp\/v2\/types\/product"}],"replies":[{"embeddable":true,"href":"https:\/\/lesaccordsdechloe.com\/index.php\/wp-json\/wp\/v2\/comments?post=3071"}],"wp:featuredmedia":[{"embeddable":true,"href":"https:\/\/lesaccordsdechloe.com\/index.php\/wp-json\/wp\/v2\/media\/3117"}],"wp:attachment":[{"href":"https:\/\/lesaccordsdechloe.com\/index.php\/wp-json\/wp\/v2\/media?parent=3071"}],"wp:term":[{"taxonomy":"product_cat","embeddable":true,"href":"https:\/\/lesaccordsdechloe.com\/index.php\/wp-json\/wp\/v2\/product_cat?post=3071"},{"taxonomy":"product_tag","embeddable":true,"href":"https:\/\/lesaccordsdechloe.com\/index.php\/wp-json\/wp\/v2\/product_tag?post=3071"}],"curies":[{"name":"wp","href":"https:\/\/api.w.org\/{rel}","templated":true}]}}