{"id":3004,"date":"2022-03-26T22:09:57","date_gmt":"2022-03-26T22:09:57","guid":{"rendered":"https:\/\/lesaccordsdechloe.com\/?post_type=product&#038;p=3004"},"modified":"2024-03-12T16:17:51","modified_gmt":"2024-03-12T16:17:51","slug":"blouse-augustine-blanche","status":"publish","type":"product","link":"https:\/\/lesaccordsdechloe.com\/index.php\/produit\/blouse-augustine-blanche\/","title":{"rendered":"Blouse Augustine blanche"},"content":{"rendered":"<h3><strong>Taille<\/strong>\u00a0:<\/h3>\n<p>Longueur : 61 \u00e0 65 cm<br \/>\nTour de poitrine : Taille S : 96 cm \/ Taille M : 98 cm \/ Taille L : 102 cm \/ Taille XL : 106 cm \/ Taille XXL : 110 cm<br \/>\nEpaules : 38 &#8211; 44 cm<br \/>\nLe mannequin mesure 1m71 et porte une taille L<br \/>\nPrenez votre taille habituelle.<\/p>\n<h3><strong>D\u00e9tails<\/strong>\u00a0:<\/h3>\n<p>Coupe cintr\u00e9e droite<br \/>\nD\u00e9collet\u00e9 dentelle<br \/>\nManches resserr\u00e9es aux poignets avec bouton dor\u00e9<br \/>\nManches 3\/4 avec boutons dor\u00e9s aux coudes<\/p>\n<h3><strong>Coloris<\/strong>\u00a0:<\/h3>\n<p>Blanc<\/p>\n<h3><strong>Composition<\/strong> :<\/h3>\n<p>100% Viscose<br \/>\nCr\u00e9ation fran\u00e7aise<\/p>\n<h3><strong>Entretien<\/strong>\u00a0:<\/h3>\n<p>Lavage en machine 30\u00b0C, s\u00e8che-linge d\u00e9conseill\u00e9<\/p>\n","protected":false},"excerpt":{"rendered":"<p>La blouse Augustine, tr\u00e8s \u00e9pur\u00e9e, sera votre meilleure amie pour l&#8217;arriv\u00e9e des beaux jours. Son col en dentelle, ses diff\u00e9rentes mani\u00e8res de la porter : manches 3\/4 ou manches longues vous s\u00e9duiront. Elle pr\u00e9sente une mati\u00e8re fluide et agr\u00e9able au port\u00e9. Nous vous conseillons de l\u2019associer avec notre jean mom Manon et un blazer pour une allure f\u00e9minine.<\/p>\n","protected":false},"featured_media":3039,"comment_status":"open","ping_status":"closed","template":"","meta":{"_glsr_average":0,"_glsr_ranking":0,"_glsr_reviews":0},"product_cat":[187,143],"product_tag":[192,193,195,194],"_links":{"self":[{"href":"https:\/\/lesaccordsdechloe.com\/index.php\/wp-json\/wp\/v2\/product\/3004"}],"collection":[{"href":"https:\/\/lesaccordsdechloe.com\/index.php\/wp-json\/wp\/v2\/product"}],"about":[{"href":"https:\/\/lesaccordsdechloe.com\/index.php\/wp-json\/wp\/v2\/types\/product"}],"replies":[{"embeddable":true,"href":"https:\/\/lesaccordsdechloe.com\/index.php\/wp-json\/wp\/v2\/comments?post=3004"}],"wp:featuredmedia":[{"embeddable":true,"href":"https:\/\/lesaccordsdechloe.com\/index.php\/wp-json\/wp\/v2\/media\/3039"}],"wp:attachment":[{"href":"https:\/\/lesaccordsdechloe.com\/index.php\/wp-json\/wp\/v2\/media?parent=3004"}],"wp:term":[{"taxonomy":"product_cat","embeddable":true,"href":"https:\/\/lesaccordsdechloe.com\/index.php\/wp-json\/wp\/v2\/product_cat?post=3004"},{"taxonomy":"product_tag","embeddable":true,"href":"https:\/\/lesaccordsdechloe.com\/index.php\/wp-json\/wp\/v2\/product_tag?post=3004"}],"curies":[{"name":"wp","href":"https:\/\/api.w.org\/{rel}","templated":true}]}}