{"id":2989,"date":"2022-03-26T21:15:41","date_gmt":"2022-03-26T21:15:41","guid":{"rendered":"https:\/\/lesaccordsdechloe.com\/?post_type=product&#038;p=2989"},"modified":"2024-03-12T19:53:29","modified_gmt":"2024-03-12T19:53:29","slug":"blouse-alie-fleurie-rouge","status":"publish","type":"product","link":"https:\/\/lesaccordsdechloe.com\/index.php\/produit\/blouse-alie-fleurie-rouge\/","title":{"rendered":"Blouse Alie Fleurie Rouge"},"content":{"rendered":"<h3><strong>Taille<\/strong>\u00a0:<\/h3>\n<p>Longueur : 63 cm<br \/>\nTour de taille : Taille S : 98 cm \/ Taille M : 102 cm \/ Taille L : 106 cm \/ Taille XL : 116 cm<br \/>\nEpaules : 43 &#8211; 45 cm<br \/>\nLe mannequin mesure 1m71 et porte une taille L<br \/>\nPrenez votre taille habituelle.<\/p>\n<h3><strong>D\u00e9tails<\/strong>\u00a0:<\/h3>\n<p>Coupe l\u00e9g\u00e8rement ample<br \/>\nLongueur hanches<br \/>\nCol mao boutonn\u00e9<br \/>\nManches 3\/4 l\u00e9g\u00e8rement resserr\u00e9es<br \/>\nBandes en dentelle<br \/>\nD\u00e9tails volant\u00e9s aux emmanchures<\/p>\n<h3><strong>Coloris<\/strong>\u00a0:<\/h3>\n<p>Imprim\u00e9 fleuri rouge<\/p>\n<h3><strong>Composition<\/strong> :<\/h3>\n<p>100% Coton<br \/>\nCr\u00e9ation fran\u00e7aise<\/p>\n<h3><strong>Entretien<\/strong>\u00a0:<\/h3>\n<p>Lavage \u00e0 la main, s\u00e8che-linge d\u00e9conseill\u00e9<\/p>\n","protected":false},"excerpt":{"rendered":"<p>Alie inspire le printemps avec son imprim\u00e9 fleuri et sa couleur vive. Cette blouse s\u2019habille de d\u00e9tails f\u00e9minins, entre sa dentelle et ses manches bouffantes volant\u00e9es. Elle s\u2019accommodera parfaitement avec le jean Manon.<\/p>\n","protected":false},"featured_media":3030,"comment_status":"open","ping_status":"closed","template":"","meta":{"_glsr_average":0,"_glsr_ranking":0,"_glsr_reviews":0},"product_cat":[187,143],"product_tag":[203,197,179,204,202,205],"_links":{"self":[{"href":"https:\/\/lesaccordsdechloe.com\/index.php\/wp-json\/wp\/v2\/product\/2989"}],"collection":[{"href":"https:\/\/lesaccordsdechloe.com\/index.php\/wp-json\/wp\/v2\/product"}],"about":[{"href":"https:\/\/lesaccordsdechloe.com\/index.php\/wp-json\/wp\/v2\/types\/product"}],"replies":[{"embeddable":true,"href":"https:\/\/lesaccordsdechloe.com\/index.php\/wp-json\/wp\/v2\/comments?post=2989"}],"wp:featuredmedia":[{"embeddable":true,"href":"https:\/\/lesaccordsdechloe.com\/index.php\/wp-json\/wp\/v2\/media\/3030"}],"wp:attachment":[{"href":"https:\/\/lesaccordsdechloe.com\/index.php\/wp-json\/wp\/v2\/media?parent=2989"}],"wp:term":[{"taxonomy":"product_cat","embeddable":true,"href":"https:\/\/lesaccordsdechloe.com\/index.php\/wp-json\/wp\/v2\/product_cat?post=2989"},{"taxonomy":"product_tag","embeddable":true,"href":"https:\/\/lesaccordsdechloe.com\/index.php\/wp-json\/wp\/v2\/product_tag?post=2989"}],"curies":[{"name":"wp","href":"https:\/\/api.w.org\/{rel}","templated":true}]}}