{"id":2986,"date":"2022-03-26T20:52:49","date_gmt":"2022-03-26T20:52:49","guid":{"rendered":"https:\/\/lesaccordsdechloe.com\/?post_type=product&#038;p=2986"},"modified":"2022-10-15T08:25:28","modified_gmt":"2022-10-15T08:25:28","slug":"mariniere-charlie-marine","status":"publish","type":"product","link":"https:\/\/lesaccordsdechloe.com\/index.php\/produit\/mariniere-charlie-marine\/","title":{"rendered":"Marini\u00e8re Charlie marine"},"content":{"rendered":"<h3><strong>Taille<\/strong>\u00a0:<\/h3>\n<p>Longueur : 62 cm<br \/>\nTour de poitrines : Taille S\/M : 100 cm \/ Taille M\/L : 110 cm<br \/>\nEpaules : 40 &#8211; 46 cm<br \/>\nLe mannequin mesure 1m71 et porte une taille M\/L<br \/>\nPrenez votre taille habituelle.<\/p>\n<h3><strong>D\u00e9tails<\/strong>\u00a0:<\/h3>\n<p>Tissus fluide<br \/>\nCoupe droite<br \/>\nEpaulettes smock\u00e9es<br \/>\nCol rond<br \/>\nLongueur hanches<\/p>\n<h3><strong>Coloris<\/strong>\u00a0:<\/h3>\n<p>Rayures marine<\/p>\n<h3><strong>Composition<\/strong> :<\/h3>\n<p>4% Rayonne, 50% Polyester et 5% Spandex<br \/>\nCr\u00e9ation fran\u00e7aise<\/p>\n<h3><strong>Entretien<\/strong>\u00a0:<\/h3>\n<p>Lavage \u00e0 la main, s\u00e8che-linge d\u00e9conseill\u00e9<\/p>\n","protected":false},"excerpt":{"rendered":"<p>Charlie, pi\u00e8ce incontournable pour cette saison ! Confectionn\u00e9e dans un tissu doux au touch\u00e9, elle pr\u00e9sente un col rond et des \u00e9paulettes qui lui conf\u00e8rent une allure boh\u00e8me et raffin\u00e9e. Un essentiel \u00e0 avoir dans sa garde-robe pour une allure casual et tendance \u00e0 la fois. Associez-la avec le pantalon Mario.<\/p>\n","protected":false},"featured_media":3019,"comment_status":"open","ping_status":"closed","template":"","meta":{"_glsr_average":0,"_glsr_ranking":0,"_glsr_reviews":0},"product_cat":[186],"product_tag":[208,209,207,211,210,206],"_links":{"self":[{"href":"https:\/\/lesaccordsdechloe.com\/index.php\/wp-json\/wp\/v2\/product\/2986"}],"collection":[{"href":"https:\/\/lesaccordsdechloe.com\/index.php\/wp-json\/wp\/v2\/product"}],"about":[{"href":"https:\/\/lesaccordsdechloe.com\/index.php\/wp-json\/wp\/v2\/types\/product"}],"replies":[{"embeddable":true,"href":"https:\/\/lesaccordsdechloe.com\/index.php\/wp-json\/wp\/v2\/comments?post=2986"}],"wp:featuredmedia":[{"embeddable":true,"href":"https:\/\/lesaccordsdechloe.com\/index.php\/wp-json\/wp\/v2\/media\/3019"}],"wp:attachment":[{"href":"https:\/\/lesaccordsdechloe.com\/index.php\/wp-json\/wp\/v2\/media?parent=2986"}],"wp:term":[{"taxonomy":"product_cat","embeddable":true,"href":"https:\/\/lesaccordsdechloe.com\/index.php\/wp-json\/wp\/v2\/product_cat?post=2986"},{"taxonomy":"product_tag","embeddable":true,"href":"https:\/\/lesaccordsdechloe.com\/index.php\/wp-json\/wp\/v2\/product_tag?post=2986"}],"curies":[{"name":"wp","href":"https:\/\/api.w.org\/{rel}","templated":true}]}}