{"id":2942,"date":"2022-02-18T17:32:24","date_gmt":"2022-02-18T17:32:24","guid":{"rendered":"https:\/\/lesaccordsdechloe.com\/?post_type=product&#038;p=2942"},"modified":"2024-03-11T17:55:53","modified_gmt":"2024-03-11T17:55:53","slug":"sweat-gabin-ecru","status":"publish","type":"product","link":"https:\/\/lesaccordsdechloe.com\/index.php\/produit\/sweat-gabin-ecru\/","title":{"rendered":"Sweat Gabin \u00e9cru"},"content":{"rendered":"<h3><strong>Taille<\/strong>\u00a0:<\/h3>\n<p>Longueur : 61 cm<br \/>\nTour de poitrine : S : 95 cm \/ M : 100 cm \/ L : 106 cm<br \/>\nEpaules : 39 &#8211; 43 cm<br \/>\nLe mannequin mesure 1m71 et porte une taille L<br \/>\nPrenez votre taille habituelle.<\/p>\n<h3><strong>D\u00e9tails<\/strong>\u00a0:<\/h3>\n<p>Coupe droite<br \/>\nCol rond<br \/>\nManches resserr\u00e9es<\/p>\n<h3><strong>Coloris<\/strong>\u00a0:<\/h3>\n<p>Ecru avec coeurs rouge brod\u00e9s<\/p>\n<h3><strong>Composition<\/strong> :<\/h3>\n<p>100% Coton<br \/>\nCr\u00e9ation fran\u00e7aise<\/p>\n<h3><strong>Entretien<\/strong>\u00a0:<\/h3>\n<p>Lavage \u00e0 la main, s\u00e8che-linge d\u00e9conseill\u00e9<\/p>\n","protected":false},"excerpt":{"rendered":"<p>Le sweat Gabin sort du lot pour accueillir le d\u00e9but du printemps. Il pr\u00e9sente des coeurs rouges joliment brod\u00e9s qui apporteront douceur et raffinement \u00e0 vos tenues. Son tissu est tr\u00e8s l\u00e9ger, il n&#8217;est pas molletonn\u00e9. Il se mariera parfaitement avec un jean, comme <a href=\"https:\/\/lesaccordsdechloe.com\/index.php\/produit\/jeans-skinny-leo-bleu\/\">le jean skinny L\u00e9o<\/a> ou <a href=\"https:\/\/lesaccordsdechloe.com\/index.php\/produit\/jean-leonard-bleu\/\">le jean L\u00e9onard.<\/a><\/p>\n","protected":false},"featured_media":2946,"comment_status":"open","ping_status":"closed","template":"","meta":{"_glsr_average":0,"_glsr_ranking":0,"_glsr_reviews":0},"product_cat":[126,143],"product_tag":[168,150,149,146,169],"_links":{"self":[{"href":"https:\/\/lesaccordsdechloe.com\/index.php\/wp-json\/wp\/v2\/product\/2942"}],"collection":[{"href":"https:\/\/lesaccordsdechloe.com\/index.php\/wp-json\/wp\/v2\/product"}],"about":[{"href":"https:\/\/lesaccordsdechloe.com\/index.php\/wp-json\/wp\/v2\/types\/product"}],"replies":[{"embeddable":true,"href":"https:\/\/lesaccordsdechloe.com\/index.php\/wp-json\/wp\/v2\/comments?post=2942"}],"wp:featuredmedia":[{"embeddable":true,"href":"https:\/\/lesaccordsdechloe.com\/index.php\/wp-json\/wp\/v2\/media\/2946"}],"wp:attachment":[{"href":"https:\/\/lesaccordsdechloe.com\/index.php\/wp-json\/wp\/v2\/media?parent=2942"}],"wp:term":[{"taxonomy":"product_cat","embeddable":true,"href":"https:\/\/lesaccordsdechloe.com\/index.php\/wp-json\/wp\/v2\/product_cat?post=2942"},{"taxonomy":"product_tag","embeddable":true,"href":"https:\/\/lesaccordsdechloe.com\/index.php\/wp-json\/wp\/v2\/product_tag?post=2942"}],"curies":[{"name":"wp","href":"https:\/\/api.w.org\/{rel}","templated":true}]}}