{"id":2922,"date":"2022-02-18T09:50:35","date_gmt":"2022-02-18T09:50:35","guid":{"rendered":"https:\/\/lesaccordsdechloe.com\/?post_type=product&#038;p=2922"},"modified":"2024-03-11T17:19:56","modified_gmt":"2024-03-11T17:19:56","slug":"blouse-marta-noire","status":"publish","type":"product","link":"https:\/\/lesaccordsdechloe.com\/index.php\/produit\/blouse-marta-noire\/","title":{"rendered":"Blouse Marta noire"},"content":{"rendered":"<h3><strong>Taille<\/strong>\u00a0:<\/h3>\n<p>Longueur : 61 cm<br \/>\nTour de poitrine : Taille S : 92 cm \/ Taille M : 96 cm \/ Taille L : 102 cm<br \/>\nEpaules : 40 &#8211; 43 cm<br \/>\nLe mannequin mesure 1m71 et porte une taille L<br \/>\nPrenez votre taille habituelle.<\/p>\n<h3><strong>D\u00e9tails<\/strong>\u00a0:<\/h3>\n<p>Coupe droite<br \/>\nCol V<br \/>\nManches resserr\u00e9es avec deux boutons en dentelle<\/p>\n<h3><strong>Coloris<\/strong>\u00a0:<\/h3>\n<p>Noir<\/p>\n<h3><strong>Composition<\/strong> :<\/h3>\n<p>100% Polyester<br \/>\nCr\u00e9ation fran\u00e7aise<\/p>\n<h3><strong>Entretien<\/strong>\u00a0:<\/h3>\n<p>Lavage \u00e0 la main, s\u00e8che-linge interdit<\/p>\n","protected":false},"excerpt":{"rendered":"<p>La blouse Marta affiche une allure romantique. Ses manches sont en dentelle, sa coupe est droite et sa mati\u00e8re est agr\u00e9able \u00e0 porter. Une blouse \u00e9l\u00e9gante, au look tr\u00e8s f\u00e9minin qui s&#8217;associera parfaitement avec <a href=\"https:\/\/lesaccordsdechloe.com\/index.php\/produit\/jupe-cecilia-fleurie\/\">notre jupe C\u00e9cilia<\/a>. Vous pouvez la porter avec <a href=\"https:\/\/lesaccordsdechloe.com\/index.php\/produit\/jean-leonard-bleu\/\">le jean L\u00e9onard<\/a> pour un look r\u00e9tro.<\/p>\n","protected":false},"featured_media":2927,"comment_status":"open","ping_status":"closed","template":"","meta":{"_glsr_average":0,"_glsr_ranking":0,"_glsr_reviews":0},"product_cat":[187,143],"product_tag":[54,176,177,175],"_links":{"self":[{"href":"https:\/\/lesaccordsdechloe.com\/index.php\/wp-json\/wp\/v2\/product\/2922"}],"collection":[{"href":"https:\/\/lesaccordsdechloe.com\/index.php\/wp-json\/wp\/v2\/product"}],"about":[{"href":"https:\/\/lesaccordsdechloe.com\/index.php\/wp-json\/wp\/v2\/types\/product"}],"replies":[{"embeddable":true,"href":"https:\/\/lesaccordsdechloe.com\/index.php\/wp-json\/wp\/v2\/comments?post=2922"}],"wp:featuredmedia":[{"embeddable":true,"href":"https:\/\/lesaccordsdechloe.com\/index.php\/wp-json\/wp\/v2\/media\/2927"}],"wp:attachment":[{"href":"https:\/\/lesaccordsdechloe.com\/index.php\/wp-json\/wp\/v2\/media?parent=2922"}],"wp:term":[{"taxonomy":"product_cat","embeddable":true,"href":"https:\/\/lesaccordsdechloe.com\/index.php\/wp-json\/wp\/v2\/product_cat?post=2922"},{"taxonomy":"product_tag","embeddable":true,"href":"https:\/\/lesaccordsdechloe.com\/index.php\/wp-json\/wp\/v2\/product_tag?post=2922"}],"curies":[{"name":"wp","href":"https:\/\/api.w.org\/{rel}","templated":true}]}}