{"id":2913,"date":"2022-02-18T09:30:02","date_gmt":"2022-02-18T09:30:02","guid":{"rendered":"https:\/\/lesaccordsdechloe.com\/?post_type=product&#038;p=2913"},"modified":"2023-03-03T19:15:00","modified_gmt":"2023-03-03T19:15:00","slug":"blouse-monica-a-fleurs","status":"publish","type":"product","link":"https:\/\/lesaccordsdechloe.com\/index.php\/produit\/blouse-monica-a-fleurs\/","title":{"rendered":"Blouse Monica \u00e0 fleurs"},"content":{"rendered":"<h3><strong>Taille<\/strong>\u00a0:<\/h3>\n<p>Longueur : 61 cm<br \/>\nTour de poitrine : Taille S : 96 cm \/ Taille M : 100 cm \/ Taille L : 106 cm \/ Taille XL : 112 cm<br \/>\nEpaules : 40 &#8211; 43 cm<br \/>\nLe mannequin mesure 1m71 et porte une taille L<br \/>\nPrenez votre taille habituelle.<\/p>\n<h3><strong>D\u00e9tails<\/strong>\u00a0:<\/h3>\n<p>Coupe droite<br \/>\nCol V<br \/>\nManches resserr\u00e9es avec bouton<\/p>\n<h3><strong>Coloris<\/strong>\u00a0:<\/h3>\n<p>Blanche \u00e0 fleurs roses<\/p>\n<h3><strong>Composition<\/strong> :<\/h3>\n<p>100% Polyester<br \/>\nCr\u00e9ation fran\u00e7aise<\/p>\n<h3><strong>Entretien<\/strong>\u00a0:<\/h3>\n<p>Lavage \u00e0 la main, s\u00e8che-linge interdit<\/p>\n","protected":false},"excerpt":{"rendered":"<p>La blouse Monica donne des envies de soleil ! Confectionn\u00e9e dans un tissu fleuri, ses manches sont resserr\u00e9es sur les poignets avec un petit bouton. Le petit plus ? Sa doublure sur l&#8217;avant pour \u00e9viter la transparence. Nous vous conseillons de l&#8217;associer avec <a href=\"https:\/\/lesaccordsdechloe.com\/index.php\/produit\/jean-leonard-bleu\/\">le jean L\u00e9onard<\/a> pour un look tr\u00e8s d\u00e9contract\u00e9. Elle s\u2019accommodera aussi parfaitement avec <a href=\"https:\/\/lesaccordsdechloe.com\/index.php\/produit\/jeans-skinny-leo-bleu\/\">le jean skinny L\u00e9o<\/a> pour une allure plus f\u00e9minine et raffin\u00e9e.<\/p>\n","protected":false},"featured_media":2918,"comment_status":"open","ping_status":"closed","template":"","meta":{"_glsr_average":0,"_glsr_ranking":0,"_glsr_reviews":0},"product_cat":[187,143],"product_tag":[54,178,180,179],"_links":{"self":[{"href":"https:\/\/lesaccordsdechloe.com\/index.php\/wp-json\/wp\/v2\/product\/2913"}],"collection":[{"href":"https:\/\/lesaccordsdechloe.com\/index.php\/wp-json\/wp\/v2\/product"}],"about":[{"href":"https:\/\/lesaccordsdechloe.com\/index.php\/wp-json\/wp\/v2\/types\/product"}],"replies":[{"embeddable":true,"href":"https:\/\/lesaccordsdechloe.com\/index.php\/wp-json\/wp\/v2\/comments?post=2913"}],"wp:featuredmedia":[{"embeddable":true,"href":"https:\/\/lesaccordsdechloe.com\/index.php\/wp-json\/wp\/v2\/media\/2918"}],"wp:attachment":[{"href":"https:\/\/lesaccordsdechloe.com\/index.php\/wp-json\/wp\/v2\/media?parent=2913"}],"wp:term":[{"taxonomy":"product_cat","embeddable":true,"href":"https:\/\/lesaccordsdechloe.com\/index.php\/wp-json\/wp\/v2\/product_cat?post=2913"},{"taxonomy":"product_tag","embeddable":true,"href":"https:\/\/lesaccordsdechloe.com\/index.php\/wp-json\/wp\/v2\/product_tag?post=2913"}],"curies":[{"name":"wp","href":"https:\/\/api.w.org\/{rel}","templated":true}]}}