{"id":2903,"date":"2022-02-14T21:43:33","date_gmt":"2022-02-14T21:43:33","guid":{"rendered":"https:\/\/lesaccordsdechloe.com\/?post_type=product&#038;p=2903"},"modified":"2024-03-15T18:34:05","modified_gmt":"2024-03-15T18:34:05","slug":"blouse-albane-verte","status":"publish","type":"product","link":"https:\/\/lesaccordsdechloe.com\/index.php\/produit\/blouse-albane-verte\/","title":{"rendered":"Blouse Albane verte"},"content":{"rendered":"<h3><strong>Taille<\/strong>\u00a0:<\/h3>\n<p>Longueur : 61 cm<br \/>\nTour de poitrine : Taille S : 98 cm \/ Taille M : 100 cm \/ Taille L : 108 cm<br \/>\nEpaules : 40 &#8211; 44 cm<br \/>\nLe mannequin mesure 1m71 et porte une taille L<br \/>\nPrenez votre taille habituelle.<\/p>\n<h3><strong>D\u00e9tails<\/strong>\u00a0:<\/h3>\n<p>Coupe droite<br \/>\nEncolure cache-coeur<br \/>\nManches resserr\u00e9es<\/p>\n<h3><strong>Coloris<\/strong>\u00a0:<\/h3>\n<p>Vert bouteille<\/p>\n<h3><strong>Composition<\/strong> :<\/h3>\n<p>100% Coton<br \/>\nCr\u00e9ation fran\u00e7aise<\/p>\n<h3><strong>Entretien<\/strong>\u00a0:<\/h3>\n<p>Lavage \u00e0 la main, s\u00e8che-linge d\u00e9conseill\u00e9<\/p>\n","protected":false},"excerpt":{"rendered":"<p>La blouse Albane trouvera rapidement sa place dans votre dressing. Une association entre l\u2019\u00e9l\u00e9gance et la simplicit\u00e9 avec ses d\u00e9tails f\u00e9minins, comme son encolure cache-coeur et ses boutons le long du buste. Une blouse distingu\u00e9e qui apportera douceur et \u00e9l\u00e9gance \u00e0 vos tenues quotidiennes.<\/p>\n","protected":false},"featured_media":2911,"comment_status":"open","ping_status":"closed","template":"","meta":{"_glsr_average":0,"_glsr_ranking":0,"_glsr_reviews":0},"product_cat":[187,143],"product_tag":[183,181,182],"_links":{"self":[{"href":"https:\/\/lesaccordsdechloe.com\/index.php\/wp-json\/wp\/v2\/product\/2903"}],"collection":[{"href":"https:\/\/lesaccordsdechloe.com\/index.php\/wp-json\/wp\/v2\/product"}],"about":[{"href":"https:\/\/lesaccordsdechloe.com\/index.php\/wp-json\/wp\/v2\/types\/product"}],"replies":[{"embeddable":true,"href":"https:\/\/lesaccordsdechloe.com\/index.php\/wp-json\/wp\/v2\/comments?post=2903"}],"wp:featuredmedia":[{"embeddable":true,"href":"https:\/\/lesaccordsdechloe.com\/index.php\/wp-json\/wp\/v2\/media\/2911"}],"wp:attachment":[{"href":"https:\/\/lesaccordsdechloe.com\/index.php\/wp-json\/wp\/v2\/media?parent=2903"}],"wp:term":[{"taxonomy":"product_cat","embeddable":true,"href":"https:\/\/lesaccordsdechloe.com\/index.php\/wp-json\/wp\/v2\/product_cat?post=2903"},{"taxonomy":"product_tag","embeddable":true,"href":"https:\/\/lesaccordsdechloe.com\/index.php\/wp-json\/wp\/v2\/product_tag?post=2903"}],"curies":[{"name":"wp","href":"https:\/\/api.w.org\/{rel}","templated":true}]}}