{"id":2865,"date":"2022-02-12T12:25:22","date_gmt":"2022-02-12T12:25:22","guid":{"rendered":"https:\/\/lesaccordsdechloe.com\/?post_type=product&#038;p=2865"},"modified":"2026-03-08T16:10:19","modified_gmt":"2026-03-08T16:10:19","slug":"sweat-romeo-brode-amour","status":"publish","type":"product","link":"https:\/\/lesaccordsdechloe.com\/index.php\/produit\/sweat-romeo-brode-amour\/","title":{"rendered":"Sweat Rom\u00e9o brod\u00e9 amour"},"content":{"rendered":"<h3><strong>Taille<\/strong>\u00a0:<\/h3>\n<p>Longueur : 64 cm<br \/>\nTour de poitrine : S.M : 100 cm \/ M.L : 106 cm<br \/>\nEpaules :\u00a0 39 &#8211; 43 cm<br \/>\nLe mannequin mesure 1m71 et porte une taille M.L<br \/>\nPrenez votre taille habituelle.<\/p>\n<h3><strong>D\u00e9tails<\/strong>\u00a0:<\/h3>\n<p>Amour brod\u00e9<br \/>\nEncolure ronde<br \/>\nCoupe droite<br \/>\nManches resserr\u00e9es<\/p>\n<h3><strong>Coloris<\/strong>\u00a0:<\/h3>\n<p>Ecru<\/p>\n<h3><strong>Composition<\/strong> :<\/h3>\n<p>Composition : 100% Coton<br \/>\nCr\u00e9ation fran\u00e7aise<\/p>\n<h3><strong>Entretien<\/strong>\u00a0:<\/h3>\n<p>Lavage en machine \u00e0 30\u00b0C, s\u00e8che-linge d\u00e9conseill\u00e9<\/p>\n","protected":false},"excerpt":{"rendered":"<p>Le sweat Rom\u00e9o joue avec les codes f\u00e9minins et d\u00e9contract\u00e9s. Il pr\u00e9sente le mot &#8220;amour&#8221; en rouge brod\u00e9 sur l&#8217;avant et une coupe raffin\u00e9e. Nous vous conseillons de l\u2019associer avec <a href=\"https:\/\/lesaccordsdechloe.com\/index.php\/produit\/jean-leonard-bleu\/\">le jean L\u00e9onard<\/a> ou un short en simili pour un look \u00e9l\u00e9gant. Il inspire la fantaisie et la d\u00e9contraction.<\/p>\n","protected":false},"featured_media":2895,"comment_status":"open","ping_status":"closed","template":"","meta":{"_glsr_average":0,"_glsr_ranking":0,"_glsr_reviews":0},"product_cat":[126,143],"product_tag":[148,147,150,149,146],"_links":{"self":[{"href":"https:\/\/lesaccordsdechloe.com\/index.php\/wp-json\/wp\/v2\/product\/2865"}],"collection":[{"href":"https:\/\/lesaccordsdechloe.com\/index.php\/wp-json\/wp\/v2\/product"}],"about":[{"href":"https:\/\/lesaccordsdechloe.com\/index.php\/wp-json\/wp\/v2\/types\/product"}],"replies":[{"embeddable":true,"href":"https:\/\/lesaccordsdechloe.com\/index.php\/wp-json\/wp\/v2\/comments?post=2865"}],"wp:featuredmedia":[{"embeddable":true,"href":"https:\/\/lesaccordsdechloe.com\/index.php\/wp-json\/wp\/v2\/media\/2895"}],"wp:attachment":[{"href":"https:\/\/lesaccordsdechloe.com\/index.php\/wp-json\/wp\/v2\/media?parent=2865"}],"wp:term":[{"taxonomy":"product_cat","embeddable":true,"href":"https:\/\/lesaccordsdechloe.com\/index.php\/wp-json\/wp\/v2\/product_cat?post=2865"},{"taxonomy":"product_tag","embeddable":true,"href":"https:\/\/lesaccordsdechloe.com\/index.php\/wp-json\/wp\/v2\/product_tag?post=2865"}],"curies":[{"name":"wp","href":"https:\/\/api.w.org\/{rel}","templated":true}]}}