{"id":2699,"date":"2022-01-22T21:58:25","date_gmt":"2022-01-22T21:58:25","guid":{"rendered":"https:\/\/lesaccordsdechloe.com\/?post_type=product&#038;p=2699"},"modified":"2024-03-12T18:45:35","modified_gmt":"2024-03-12T18:45:35","slug":"robe-leonie-noire-fleurs","status":"publish","type":"product","link":"https:\/\/lesaccordsdechloe.com\/index.php\/produit\/robe-leonie-noire-fleurs\/","title":{"rendered":"Robe L\u00e9onie noire \u00e0 fleurs"},"content":{"rendered":"<h3><strong>Taille<\/strong>\u00a0:<\/h3>\n<p>Longueur : 89 cm<br \/>\nTour de poitrine : Taille 0 : 90 cm \/ Taille 1 : 94 cm \/ Taille 2 : 96 cm<br \/>\nEpaules : 41 &#8211; 47 cm<br \/>\nLe mannequin mesure 1m71 et porte une taille 2<br \/>\nPrenez votre taille habituelle.<\/p>\n<h3><strong>D\u00e9tails<\/strong>\u00a0:<\/h3>\n<p>Coupe fluide<br \/>\nEncolure cache-coeur<br \/>\nLongueur genoux<br \/>\nDoubl\u00e9e<br \/>\nManches \u00e0 volants resserr\u00e9es aux poignets, bouffantes et transparentes<\/p>\n<h3><strong>Coloris<\/strong>\u00a0:<\/h3>\n<p>Imprim\u00e9 floral<\/p>\n<h3><strong>Composition<\/strong> :<\/h3>\n<p>Composition : 100% Polyester<br \/>\nDoublure : 100% Viscose<br \/>\nCr\u00e9ation fran\u00e7aise<\/p>\n<h3><strong>Entretien<\/strong>\u00a0:<\/h3>\n<p>Lavage \u00e0 la main, s\u00e8che-linge d\u00e9conseill\u00e9<\/p>\n","protected":false},"excerpt":{"rendered":"<p>La robe L\u00e9onie va devenir la pi\u00e8ce \u00e0 avoir dans votre dressing car vous pourrez jouer sur les looks : d\u00e9contract\u00e9, classe ou rock. Vous pouvez l&#8217;associer avec des cuissardes, des boots, des bottes ou des baskets. Portez-la seule ou avec le pull noir Louis.<\/p>\n","protected":false},"featured_media":2740,"comment_status":"open","ping_status":"closed","template":"","meta":{"_glsr_average":0,"_glsr_ranking":0,"_glsr_reviews":0},"product_cat":[125,143],"product_tag":[],"_links":{"self":[{"href":"https:\/\/lesaccordsdechloe.com\/index.php\/wp-json\/wp\/v2\/product\/2699"}],"collection":[{"href":"https:\/\/lesaccordsdechloe.com\/index.php\/wp-json\/wp\/v2\/product"}],"about":[{"href":"https:\/\/lesaccordsdechloe.com\/index.php\/wp-json\/wp\/v2\/types\/product"}],"replies":[{"embeddable":true,"href":"https:\/\/lesaccordsdechloe.com\/index.php\/wp-json\/wp\/v2\/comments?post=2699"}],"wp:featuredmedia":[{"embeddable":true,"href":"https:\/\/lesaccordsdechloe.com\/index.php\/wp-json\/wp\/v2\/media\/2740"}],"wp:attachment":[{"href":"https:\/\/lesaccordsdechloe.com\/index.php\/wp-json\/wp\/v2\/media?parent=2699"}],"wp:term":[{"taxonomy":"product_cat","embeddable":true,"href":"https:\/\/lesaccordsdechloe.com\/index.php\/wp-json\/wp\/v2\/product_cat?post=2699"},{"taxonomy":"product_tag","embeddable":true,"href":"https:\/\/lesaccordsdechloe.com\/index.php\/wp-json\/wp\/v2\/product_tag?post=2699"}],"curies":[{"name":"wp","href":"https:\/\/api.w.org\/{rel}","templated":true}]}}