{"id":2684,"date":"2022-01-22T21:13:41","date_gmt":"2022-01-22T21:13:41","guid":{"rendered":"https:\/\/lesaccordsdechloe.com\/?post_type=product&#038;p=2684"},"modified":"2024-03-12T16:28:54","modified_gmt":"2024-03-12T16:28:54","slug":"pull-leon-vert-sapin","status":"publish","type":"product","link":"https:\/\/lesaccordsdechloe.com\/index.php\/produit\/pull-leon-vert-sapin\/","title":{"rendered":"Pull L\u00e9on vert sapin"},"content":{"rendered":"<h3><strong>Taille<\/strong>\u00a0:<\/h3>\n<p>Longueur pour une taille S\/M : 54 cm<br \/>\nTour de poitrine : Taille S\/M : 108 cm \/ Taille M\/L : 118 cm<br \/>\nEpaules : 43 &#8211; 48 cm<br \/>\nLe mannequin mesure 1m71 et porte une taille M\/L<\/p>\n<h3><strong>D\u00e9tails<\/strong>\u00a0:<\/h3>\n<p>Col rond<br \/>\nPull court<br \/>\nAjour\u00e9 au niveau de la poitrine<br \/>\nManches bouffantes<\/p>\n<h3><strong>Coloris<\/strong>\u00a0:<\/h3>\n<p>Vert sapin<\/p>\n<h3><strong>Composition<\/strong> :<\/h3>\n<p>Composition : 42% Acrylique, 30% Polyamide, 14% Mohair et 14% Laine<br \/>\nCr\u00e9ation fran\u00e7aise<\/p>\n<h3><strong>Entretien<\/strong>\u00a0:<\/h3>\n<p>Lavage \u00e0 la main, s\u00e8che-linge d\u00e9conseill\u00e9<\/p>\n","protected":false},"excerpt":{"rendered":"<p>Optez pour le pull L\u00e9on avec sa couleur vert sapin. Tellement doux, chaud et confortable il deviendra votre meilleur ami. Portez-le avec un jean pour un look d\u00e9contract\u00e9, sur la <a href=\"https:\/\/lesaccordsdechloe.com\/index.php\/produit\/robe-lou-verte-fleurs\/\">robe Lou<\/a> pour un look plus f\u00e9minin ou avec une jupe.<\/p>\n","protected":false},"featured_media":2711,"comment_status":"open","ping_status":"closed","template":"","meta":{"_glsr_average":0,"_glsr_ranking":0,"_glsr_reviews":0},"product_cat":[126,143],"product_tag":[],"_links":{"self":[{"href":"https:\/\/lesaccordsdechloe.com\/index.php\/wp-json\/wp\/v2\/product\/2684"}],"collection":[{"href":"https:\/\/lesaccordsdechloe.com\/index.php\/wp-json\/wp\/v2\/product"}],"about":[{"href":"https:\/\/lesaccordsdechloe.com\/index.php\/wp-json\/wp\/v2\/types\/product"}],"replies":[{"embeddable":true,"href":"https:\/\/lesaccordsdechloe.com\/index.php\/wp-json\/wp\/v2\/comments?post=2684"}],"wp:featuredmedia":[{"embeddable":true,"href":"https:\/\/lesaccordsdechloe.com\/index.php\/wp-json\/wp\/v2\/media\/2711"}],"wp:attachment":[{"href":"https:\/\/lesaccordsdechloe.com\/index.php\/wp-json\/wp\/v2\/media?parent=2684"}],"wp:term":[{"taxonomy":"product_cat","embeddable":true,"href":"https:\/\/lesaccordsdechloe.com\/index.php\/wp-json\/wp\/v2\/product_cat?post=2684"},{"taxonomy":"product_tag","embeddable":true,"href":"https:\/\/lesaccordsdechloe.com\/index.php\/wp-json\/wp\/v2\/product_tag?post=2684"}],"curies":[{"name":"wp","href":"https:\/\/api.w.org\/{rel}","templated":true}]}}