{"id":2680,"date":"2022-01-22T20:52:35","date_gmt":"2022-01-22T20:52:35","guid":{"rendered":"https:\/\/lesaccordsdechloe.com\/?post_type=product&#038;p=2680"},"modified":"2024-03-12T15:36:13","modified_gmt":"2024-03-12T15:36:13","slug":"blouse-anna-rouge-fleurs-velours","status":"publish","type":"product","link":"https:\/\/lesaccordsdechloe.com\/index.php\/produit\/blouse-anna-rouge-fleurs-velours\/","title":{"rendered":"Blouse Anna rouge \u00e0 fleurs en velours"},"content":{"rendered":"<h3><strong>Taille<\/strong>\u00a0:<\/h3>\n<p>Longueur : 62 cm<br \/>\nTour de poitrine : Taille S : 96 cm \/ Taille M : 98 cm \/ Taille L : 106 cm<br \/>\nLe mannequin mesure 1m71 et porte une taille L.<br \/>\nIl convient pour les tailles 36, 38, 40 et 42.<\/p>\n<h3><strong>D\u00e9tails<\/strong>\u00a0:<\/h3>\n<p>Col V<br \/>\nBlouse fleurie en velours<br \/>\nEpaulettes<br \/>\nManches \u00e9lastiques<\/p>\n<h3><strong>Coloris<\/strong>\u00a0:<\/h3>\n<p>Imprim\u00e9 fleuri<\/p>\n<h3><strong>Composition<\/strong> :<\/h3>\n<p>Composition : 7% Nylon, 3% Elasthanne et 90% Polyester.<br \/>\nCr\u00e9ation fran\u00e7aise<\/p>\n<h3><strong>Entretien<\/strong>\u00a0:<\/h3>\n<p>Lavage \u00e0 30\u00b0C, s\u00e8che-linge interdit<\/p>\n","protected":false},"excerpt":{"rendered":"<p>Optez pour la blouse Anna : en plus d&#8217;\u00eatre fluide elle est tr\u00e8s confortable. Son imprim\u00e9 floral lui donne un air chaleureux : elle sera votre meilleure amie tout au long de l&#8217;hiver et du printemps. Portez-la avec un jean, un pantalon noir ou une jupe noir pour un look plus f\u00e9minin.<\/p>\n","protected":false},"featured_media":2733,"comment_status":"open","ping_status":"closed","template":"","meta":{"_glsr_average":0,"_glsr_ranking":0,"_glsr_reviews":0},"product_cat":[187,143],"product_tag":[],"_links":{"self":[{"href":"https:\/\/lesaccordsdechloe.com\/index.php\/wp-json\/wp\/v2\/product\/2680"}],"collection":[{"href":"https:\/\/lesaccordsdechloe.com\/index.php\/wp-json\/wp\/v2\/product"}],"about":[{"href":"https:\/\/lesaccordsdechloe.com\/index.php\/wp-json\/wp\/v2\/types\/product"}],"replies":[{"embeddable":true,"href":"https:\/\/lesaccordsdechloe.com\/index.php\/wp-json\/wp\/v2\/comments?post=2680"}],"wp:featuredmedia":[{"embeddable":true,"href":"https:\/\/lesaccordsdechloe.com\/index.php\/wp-json\/wp\/v2\/media\/2733"}],"wp:attachment":[{"href":"https:\/\/lesaccordsdechloe.com\/index.php\/wp-json\/wp\/v2\/media?parent=2680"}],"wp:term":[{"taxonomy":"product_cat","embeddable":true,"href":"https:\/\/lesaccordsdechloe.com\/index.php\/wp-json\/wp\/v2\/product_cat?post=2680"},{"taxonomy":"product_tag","embeddable":true,"href":"https:\/\/lesaccordsdechloe.com\/index.php\/wp-json\/wp\/v2\/product_tag?post=2680"}],"curies":[{"name":"wp","href":"https:\/\/api.w.org\/{rel}","templated":true}]}}