{"id":2679,"date":"2022-10-16T09:40:47","date_gmt":"2022-10-16T09:40:47","guid":{"rendered":"https:\/\/lesaccordsdechloe.com\/?post_type=product&#038;p=2679"},"modified":"2024-03-12T18:45:35","modified_gmt":"2024-03-12T18:45:35","slug":"pull-loui-ecru","status":"publish","type":"product","link":"https:\/\/lesaccordsdechloe.com\/index.php\/produit\/pull-loui-ecru\/","title":{"rendered":"Pull Louis \u00e9cru"},"content":{"rendered":"<h3><strong>Taille<\/strong>\u00a0:<\/h3>\n<p>Longueur : 60 cm<br \/>\nTour de poitrine : 110 cm<br \/>\nLe mannequin mesure 1m71.<br \/>\nIl convient pour les tailles 36, 38, 40 et 42.<\/p>\n<h3><strong>D\u00e9tails<\/strong>\u00a0:<\/h3>\n<p>Col V<br \/>\nPull court<br \/>\nMaille ajour\u00e9e<br \/>\nBroderie sur les manches et le d\u00e9collet\u00e9<br \/>\nLongueur hanches<\/p>\n<h3><strong>Coloris<\/strong>\u00a0:<\/h3>\n<p>Blanc \u00e9cru<\/p>\n<h3><strong>Composition<\/strong> :<\/h3>\n<p>Composition : 28% Polyamide, 42% Acrylique et 30% Polyester.<br \/>\nCr\u00e9ation fran\u00e7aise<\/p>\n<h3><strong>Entretien<\/strong>\u00a0:<\/h3>\n<p>Lavage \u00e0 la main, s\u00e8che-linge interdit<\/p>\n","protected":false},"excerpt":{"rendered":"<p>Optez pour le pull Louis : tellement doux son coloris vous donnera envie des beaux jours. Vous pouvez le porter avec le jean skinny L\u00e9o pour un style casual et d\u00e9contract\u00e9. Portez-le avec une jupe ou sur une robe pour un style plus f\u00e9minin.<\/p>\n","protected":false},"featured_media":3312,"comment_status":"open","ping_status":"closed","template":"","meta":{"_glsr_average":0,"_glsr_ranking":0,"_glsr_reviews":0},"product_cat":[126,143],"product_tag":[312,240,149,278,275],"_links":{"self":[{"href":"https:\/\/lesaccordsdechloe.com\/index.php\/wp-json\/wp\/v2\/product\/2679"}],"collection":[{"href":"https:\/\/lesaccordsdechloe.com\/index.php\/wp-json\/wp\/v2\/product"}],"about":[{"href":"https:\/\/lesaccordsdechloe.com\/index.php\/wp-json\/wp\/v2\/types\/product"}],"replies":[{"embeddable":true,"href":"https:\/\/lesaccordsdechloe.com\/index.php\/wp-json\/wp\/v2\/comments?post=2679"}],"wp:featuredmedia":[{"embeddable":true,"href":"https:\/\/lesaccordsdechloe.com\/index.php\/wp-json\/wp\/v2\/media\/3312"}],"wp:attachment":[{"href":"https:\/\/lesaccordsdechloe.com\/index.php\/wp-json\/wp\/v2\/media?parent=2679"}],"wp:term":[{"taxonomy":"product_cat","embeddable":true,"href":"https:\/\/lesaccordsdechloe.com\/index.php\/wp-json\/wp\/v2\/product_cat?post=2679"},{"taxonomy":"product_tag","embeddable":true,"href":"https:\/\/lesaccordsdechloe.com\/index.php\/wp-json\/wp\/v2\/product_tag?post=2679"}],"curies":[{"name":"wp","href":"https:\/\/api.w.org\/{rel}","templated":true}]}}