{"id":2566,"date":"2021-12-15T18:08:13","date_gmt":"2021-12-15T18:08:13","guid":{"rendered":"https:\/\/lesaccordsdechloe.com\/?post_type=product&#038;p=2566"},"modified":"2024-03-13T13:43:41","modified_gmt":"2024-03-13T13:43:41","slug":"robe-longue-emma-noire-fleurs","status":"publish","type":"product","link":"https:\/\/lesaccordsdechloe.com\/index.php\/produit\/robe-longue-emma-noire-fleurs\/","title":{"rendered":"Robe longue Emma noire \u00e0 fleurs"},"content":{"rendered":"<h3><strong>Taille<\/strong>\u00a0:<\/h3>\n<p>Longueur : S\/M 130 cm , M\/L 132 cm , L\/XL 134 cm<br \/>\nTour de poitrine : S\/M 106 cm , M\/L 110 cm , L\/XL 118 cm<br \/>\nEpaules : 43 &#8211; 47 cm<br \/>\nLe mannequin mesure 1m71 et porte une taille S\/M<br \/>\nCe mod\u00e8le taille correctement prenez votre taille habituelle.<\/p>\n<h3><strong>D\u00e9tails<\/strong>\u00a0:<\/h3>\n<p>Coupe fluide<br \/>\nBoutons d\u00e9coratifs sur d\u00e9collet\u00e9<br \/>\nCol V<br \/>\nVolants<br \/>\nManches resserr\u00e9es au poignet, bouffantes et transparentes<br \/>\nDoublure arr\u00eat\u00e9e au milieu des mollets pour laisser de la transparence<\/p>\n<h3><strong>Coloris<\/strong>\u00a0:<\/h3>\n<p>Imprim\u00e9 avec notes de velours<\/p>\n<h3><strong>Composition<\/strong> :<\/h3>\n<p>Composition : 100% Polyester<br \/>\nDoublure : 100% Polyester<br \/>\nCr\u00e9ation fran\u00e7aise<\/p>\n<h3><strong>Entretien<\/strong>\u00a0:<\/h3>\n<p>Lavage en machine \u00e0 30\u00b0C, s\u00e8che-linge d\u00e9conseill\u00e9<\/p>\n","protected":false},"excerpt":{"rendered":"<p>Optez pour la robe longue Emma : en plus d&#8217;\u00eatre fluide elle est tr\u00e8s confortable. Son imprim\u00e9 et ses d\u00e9tails en broderie donne un air chic et chaleureux : elle sera votre meilleure amie tout au long de l&#8217;automne et de l&#8217;hiver. Portez-la seule ou ceintur\u00e9e avec le pull Suzie.<\/p>\n","protected":false},"featured_media":2574,"comment_status":"open","ping_status":"closed","template":"","meta":{"_glsr_average":0,"_glsr_ranking":0,"_glsr_reviews":0},"product_cat":[125,143],"product_tag":[],"_links":{"self":[{"href":"https:\/\/lesaccordsdechloe.com\/index.php\/wp-json\/wp\/v2\/product\/2566"}],"collection":[{"href":"https:\/\/lesaccordsdechloe.com\/index.php\/wp-json\/wp\/v2\/product"}],"about":[{"href":"https:\/\/lesaccordsdechloe.com\/index.php\/wp-json\/wp\/v2\/types\/product"}],"replies":[{"embeddable":true,"href":"https:\/\/lesaccordsdechloe.com\/index.php\/wp-json\/wp\/v2\/comments?post=2566"}],"wp:featuredmedia":[{"embeddable":true,"href":"https:\/\/lesaccordsdechloe.com\/index.php\/wp-json\/wp\/v2\/media\/2574"}],"wp:attachment":[{"href":"https:\/\/lesaccordsdechloe.com\/index.php\/wp-json\/wp\/v2\/media?parent=2566"}],"wp:term":[{"taxonomy":"product_cat","embeddable":true,"href":"https:\/\/lesaccordsdechloe.com\/index.php\/wp-json\/wp\/v2\/product_cat?post=2566"},{"taxonomy":"product_tag","embeddable":true,"href":"https:\/\/lesaccordsdechloe.com\/index.php\/wp-json\/wp\/v2\/product_tag?post=2566"}],"curies":[{"name":"wp","href":"https:\/\/api.w.org\/{rel}","templated":true}]}}