{"id":2554,"date":"2021-12-15T17:31:10","date_gmt":"2021-12-15T17:31:10","guid":{"rendered":"https:\/\/lesaccordsdechloe.com\/?post_type=product&#038;p=2554"},"modified":"2024-03-11T18:13:29","modified_gmt":"2024-03-11T18:13:29","slug":"robe-marthe","status":"publish","type":"product","link":"https:\/\/lesaccordsdechloe.com\/index.php\/produit\/robe-marthe\/","title":{"rendered":"Robe Marthe"},"content":{"rendered":"<h3><strong>Taille<\/strong>\u00a0:<\/h3>\n<p>Longueur : 85 S\/M , M\/L\u00a0 89 cm, L\/XL 95 cm<br \/>\nTour de poitrine : S\/M 102 cm, M\/L 110 cm, L\/XL : 116 cm<br \/>\nEpaules : 40 &#8211; 44 cm<br \/>\nLe mannequin mesure 1m71 et porte une taille M\/L<br \/>\nPrenez votre taille habituelle ce mod\u00e8le taille correctement.<br \/>\nAdapt\u00e9 aux femmes enceintes.<\/p>\n<h3><strong>D\u00e9tails<\/strong>\u00a0:<\/h3>\n<p>Coupe fluide<br \/>\nBoutons d\u00e9coratifs au niveau du d\u00e9collet\u00e9<br \/>\nCol V<br \/>\nVolant au dessus des genoux<br \/>\nManches resserr\u00e9es au poignet, bouffantes et transparentes<br \/>\nDos en voile transparent<br \/>\nPossibilit\u00e9 de la nouer dans le dos<\/p>\n<h3><strong>Coloris<\/strong>\u00a0:<\/h3>\n<p>Imprim\u00e9 rouge et noir avec des notes de velours<\/p>\n<h3><strong>Composition<\/strong> :<\/h3>\n<p>Composition : 100% Polyester<br \/>\nDoublure : 100% Polyester<br \/>\nCr\u00e9ation fran\u00e7aise<\/p>\n<h3><strong>Entretien<\/strong>\u00a0:<\/h3>\n<p>Lavage \u00e0 30\u00b0C, s\u00e8che-linge d\u00e9conseill\u00e9<\/p>\n","protected":false},"excerpt":{"rendered":"<p>Optez pour la robe Marthe : en plus d&#8217;\u00eatre fluide elle est tr\u00e8s confortable. Son imprim\u00e9 lui donne un air chic et chaleureux : elle sera votre meilleure amie tout au long de l&#8217;automne et de l&#8217;hiver. Portez-la avec une paire de bottes, cuissardes ou baskets pour casser les codes.<\/p>\n","protected":false},"featured_media":2562,"comment_status":"open","ping_status":"closed","template":"","meta":{"_glsr_average":0,"_glsr_ranking":0,"_glsr_reviews":0},"product_cat":[125,143],"product_tag":[],"_links":{"self":[{"href":"https:\/\/lesaccordsdechloe.com\/index.php\/wp-json\/wp\/v2\/product\/2554"}],"collection":[{"href":"https:\/\/lesaccordsdechloe.com\/index.php\/wp-json\/wp\/v2\/product"}],"about":[{"href":"https:\/\/lesaccordsdechloe.com\/index.php\/wp-json\/wp\/v2\/types\/product"}],"replies":[{"embeddable":true,"href":"https:\/\/lesaccordsdechloe.com\/index.php\/wp-json\/wp\/v2\/comments?post=2554"}],"wp:featuredmedia":[{"embeddable":true,"href":"https:\/\/lesaccordsdechloe.com\/index.php\/wp-json\/wp\/v2\/media\/2562"}],"wp:attachment":[{"href":"https:\/\/lesaccordsdechloe.com\/index.php\/wp-json\/wp\/v2\/media?parent=2554"}],"wp:term":[{"taxonomy":"product_cat","embeddable":true,"href":"https:\/\/lesaccordsdechloe.com\/index.php\/wp-json\/wp\/v2\/product_cat?post=2554"},{"taxonomy":"product_tag","embeddable":true,"href":"https:\/\/lesaccordsdechloe.com\/index.php\/wp-json\/wp\/v2\/product_tag?post=2554"}],"curies":[{"name":"wp","href":"https:\/\/api.w.org\/{rel}","templated":true}]}}