{"id":2544,"date":"2021-12-15T16:24:57","date_gmt":"2021-12-15T16:24:57","guid":{"rendered":"https:\/\/lesaccordsdechloe.com\/?post_type=product&#038;p=2544"},"modified":"2022-10-02T07:26:29","modified_gmt":"2022-10-02T07:26:29","slug":"jupe-longue-eugenie-fleurs-bleue","status":"publish","type":"product","link":"https:\/\/lesaccordsdechloe.com\/index.php\/produit\/jupe-longue-eugenie-fleurs-bleue\/","title":{"rendered":"Jupe longue Eug\u00e9nie \u00e0 fleurs"},"content":{"rendered":"<h3><strong>Taille<\/strong>\u00a0:<\/h3>\n<p>Longueur pour une taille 0\/36 : 81 cm<br \/>\nHauteur \u00e9lastique : 4 cm<br \/>\n0\/36 : minimum \u00e9lastique : 64 cm \/ maximum \u00e9lastique :\u00a0 cm<br \/>\n1\/38 : minimum \u00e9lastique : 76 cm \/ maximum \u00e9lastique : 92 cm<br \/>\nLe mannequin mesure 1m71 et porte une taille 1\/38<br \/>\nCe mod\u00e8le taille normalement : prenez votre taille habituelle.<\/p>\n<h3><strong>D\u00e9tails<\/strong>\u00a0:<\/h3>\n<p>Taille marqu\u00e9e avec ceinture \u00e9lastique dans le dos<br \/>\nLongueur midi<br \/>\nCoupe fluide<br \/>\nJupe fronc\u00e9e<br \/>\nImprim\u00e9 exclusif<\/p>\n<h3><strong>Coloris<\/strong>\u00a0:<\/h3>\n<p>Imprim\u00e9 bleu\/vert<\/p>\n<h3><strong>Composition<\/strong>\u00a0:<\/h3>\n<p>Composition : 100% Polyester<br \/>\nDoublure : 100% Viscose<br \/>\nCr\u00e9ation fran\u00e7aise<\/p>\n<h3><strong>Entretien<\/strong>\u00a0:<\/h3>\n<p>Lavage \u00e0 la main ou \u00e0 30\u00b0C, s\u00e8che-linge d\u00e9conseill\u00e9<\/p>\n","protected":false},"excerpt":{"rendered":"<p>Optez pour la jupe Eug\u00e9nie qui unie l&#8217;\u00e9l\u00e9gance et la simplicit\u00e9 avec son imprim\u00e9 f\u00e9minin. Portez-la avec le pull <a href=\"https:\/\/lesaccordsdechloe.com\/index.php\/produit\/suzie\/\">Suzie,<\/a> une paire de bottes et une ceinture pour un look totalement f\u00e9minin. Vous pouvez la porter avec le pull Maurice et une paire de baskets pour un look d\u00e9contract\u00e9.<\/p>\n","protected":false},"featured_media":2552,"comment_status":"open","ping_status":"closed","template":"","meta":{"_glsr_average":0,"_glsr_ranking":0,"_glsr_reviews":0},"product_cat":[122,143],"product_tag":[],"_links":{"self":[{"href":"https:\/\/lesaccordsdechloe.com\/index.php\/wp-json\/wp\/v2\/product\/2544"}],"collection":[{"href":"https:\/\/lesaccordsdechloe.com\/index.php\/wp-json\/wp\/v2\/product"}],"about":[{"href":"https:\/\/lesaccordsdechloe.com\/index.php\/wp-json\/wp\/v2\/types\/product"}],"replies":[{"embeddable":true,"href":"https:\/\/lesaccordsdechloe.com\/index.php\/wp-json\/wp\/v2\/comments?post=2544"}],"wp:featuredmedia":[{"embeddable":true,"href":"https:\/\/lesaccordsdechloe.com\/index.php\/wp-json\/wp\/v2\/media\/2552"}],"wp:attachment":[{"href":"https:\/\/lesaccordsdechloe.com\/index.php\/wp-json\/wp\/v2\/media?parent=2544"}],"wp:term":[{"taxonomy":"product_cat","embeddable":true,"href":"https:\/\/lesaccordsdechloe.com\/index.php\/wp-json\/wp\/v2\/product_cat?post=2544"},{"taxonomy":"product_tag","embeddable":true,"href":"https:\/\/lesaccordsdechloe.com\/index.php\/wp-json\/wp\/v2\/product_tag?post=2544"}],"curies":[{"name":"wp","href":"https:\/\/api.w.org\/{rel}","templated":true}]}}