{"id":2526,"date":"2021-12-15T14:51:39","date_gmt":"2021-12-15T14:51:39","guid":{"rendered":"https:\/\/lesaccordsdechloe.com\/?post_type=product&#038;p=2526"},"modified":"2022-11-13T11:34:16","modified_gmt":"2022-11-13T11:34:16","slug":"pull-gaspard-ecru","status":"publish","type":"product","link":"https:\/\/lesaccordsdechloe.com\/index.php\/produit\/pull-gaspard-ecru\/","title":{"rendered":"Pull Gaspard \u00e9cru"},"content":{"rendered":"<h3><strong>Taille<\/strong>\u00a0:<\/h3>\n<p>Longueur : S\/M 55 cm, M\/L 57 cm<br \/>\nTour poitrine : S\/M 108 cm, M\/L 122 cm<br \/>\nLe mannequin mesure 1m71 et porte une taille M\/L.<br \/>\nCe mod\u00e8le taille correctement : prenez votre taille habituelle.<\/p>\n<h3><strong>D\u00e9tails<\/strong>\u00a0:<\/h3>\n<p>Col V \/ Rond<br \/>\nManches resserr\u00e9es<br \/>\nMod\u00e8le r\u00e9versible<br \/>\nMaille ajour\u00e9e<br \/>\nCoupe droite<br \/>\nLongueur bassin<\/p>\n<h3><strong>Coloris<\/strong>\u00a0:<\/h3>\n<p>Ecru<\/p>\n<h3><strong>Composition<\/strong> :<\/h3>\n<p>Composition : 14% Wool, 14% Mohair, 42% Acrylique, et 30% Polyamide<br \/>\nCr\u00e9ation fran\u00e7aise<\/p>\n<h3><strong>Entretien<\/strong>\u00a0:<\/h3>\n<p>Lavage \u00e0 la main, s\u00e8che-linge interdit<\/p>\n","protected":false},"excerpt":{"rendered":"<p>Optez pour le pull Gaspard : il saura vous accompagner pour toutes les saisons tout en \u00e9tant doux et confortable. Pour un style un peu r\u00e9tro, vous pouvez le porter avec le jean L\u00e9onard et pour un style plus simple avec le jean L\u00e9o. Enfilez-le sur une robe ceintur\u00e9e pour un style plus f\u00e9minin. Ce pull est r\u00e9versible et peut se porter avec le col V sur le devant ou sur le dos : il s&#8217;adapte \u00e0 vos envies.<\/p>\n","protected":false},"featured_media":2532,"comment_status":"open","ping_status":"closed","template":"","meta":{"_glsr_average":0,"_glsr_ranking":0,"_glsr_reviews":0},"product_cat":[126,143],"product_tag":[],"_links":{"self":[{"href":"https:\/\/lesaccordsdechloe.com\/index.php\/wp-json\/wp\/v2\/product\/2526"}],"collection":[{"href":"https:\/\/lesaccordsdechloe.com\/index.php\/wp-json\/wp\/v2\/product"}],"about":[{"href":"https:\/\/lesaccordsdechloe.com\/index.php\/wp-json\/wp\/v2\/types\/product"}],"replies":[{"embeddable":true,"href":"https:\/\/lesaccordsdechloe.com\/index.php\/wp-json\/wp\/v2\/comments?post=2526"}],"wp:featuredmedia":[{"embeddable":true,"href":"https:\/\/lesaccordsdechloe.com\/index.php\/wp-json\/wp\/v2\/media\/2532"}],"wp:attachment":[{"href":"https:\/\/lesaccordsdechloe.com\/index.php\/wp-json\/wp\/v2\/media?parent=2526"}],"wp:term":[{"taxonomy":"product_cat","embeddable":true,"href":"https:\/\/lesaccordsdechloe.com\/index.php\/wp-json\/wp\/v2\/product_cat?post=2526"},{"taxonomy":"product_tag","embeddable":true,"href":"https:\/\/lesaccordsdechloe.com\/index.php\/wp-json\/wp\/v2\/product_tag?post=2526"}],"curies":[{"name":"wp","href":"https:\/\/api.w.org\/{rel}","templated":true}]}}