{"id":2315,"date":"2021-11-04T22:26:44","date_gmt":"2021-11-04T22:26:44","guid":{"rendered":"https:\/\/lesaccordsdechloe.com\/?post_type=product&#038;p=2315"},"modified":"2024-03-11T17:27:49","modified_gmt":"2024-03-11T17:27:49","slug":"gilet-marcel-bleu","status":"publish","type":"product","link":"https:\/\/lesaccordsdechloe.com\/index.php\/produit\/gilet-marcel-bleu\/","title":{"rendered":"Gilet Marcel bleu"},"content":{"rendered":"<h3><strong>Taille<\/strong>\u00a0:<\/h3>\n<p>Longueur : 52 cm<br \/>\nLargeur : 60 cm<br \/>\nLe mannequin mesure 1m75.<br \/>\nCe mod\u00e8le TU convient au 34\/XS, 36\/S, 38\/M et 40\/L.<\/p>\n<h3><strong>D\u00e9tails<\/strong>\u00a0:<\/h3>\n<p>Col V<br \/>\nEnti\u00e8rement boutonn\u00e9<br \/>\nManches resserr\u00e9es<br \/>\nFermeture \u00e0 4 boutons<\/p>\n<h3><strong>Coloris<\/strong>\u00a0:<\/h3>\n<p>Bleu fonc\u00e9<\/p>\n<h3><strong>Composition<\/strong> :<\/h3>\n<p>Composition : 15% Laine, 15% Acrylique, 25% Polyester et 45% Polyamide<br \/>\nCr\u00e9ation fran\u00e7aise<\/p>\n<h3><strong>Entretien<\/strong>\u00a0:<\/h3>\n<p>Lavage \u00e0 la main, s\u00e8che-linge d\u00e9conseill\u00e9<\/p>\n","protected":false},"excerpt":{"rendered":"<p>Optez pour ce gilet Marcel qui peut se porter ferm\u00e9 avec une chemise, seul ou ouvert avec un top col V. D&#8217;une douceur incroyable et confortable il peut \u00eatre associ\u00e9 au jean L\u00e9onard.<\/p>\n","protected":false},"featured_media":2394,"comment_status":"open","ping_status":"closed","template":"","meta":{"_glsr_average":0,"_glsr_ranking":0,"_glsr_reviews":0},"product_cat":[126,143],"product_tag":[],"_links":{"self":[{"href":"https:\/\/lesaccordsdechloe.com\/index.php\/wp-json\/wp\/v2\/product\/2315"}],"collection":[{"href":"https:\/\/lesaccordsdechloe.com\/index.php\/wp-json\/wp\/v2\/product"}],"about":[{"href":"https:\/\/lesaccordsdechloe.com\/index.php\/wp-json\/wp\/v2\/types\/product"}],"replies":[{"embeddable":true,"href":"https:\/\/lesaccordsdechloe.com\/index.php\/wp-json\/wp\/v2\/comments?post=2315"}],"wp:featuredmedia":[{"embeddable":true,"href":"https:\/\/lesaccordsdechloe.com\/index.php\/wp-json\/wp\/v2\/media\/2394"}],"wp:attachment":[{"href":"https:\/\/lesaccordsdechloe.com\/index.php\/wp-json\/wp\/v2\/media?parent=2315"}],"wp:term":[{"taxonomy":"product_cat","embeddable":true,"href":"https:\/\/lesaccordsdechloe.com\/index.php\/wp-json\/wp\/v2\/product_cat?post=2315"},{"taxonomy":"product_tag","embeddable":true,"href":"https:\/\/lesaccordsdechloe.com\/index.php\/wp-json\/wp\/v2\/product_tag?post=2315"}],"curies":[{"name":"wp","href":"https:\/\/api.w.org\/{rel}","templated":true}]}}