{"id":2307,"date":"2021-11-04T22:18:04","date_gmt":"2021-11-04T22:18:04","guid":{"rendered":"https:\/\/lesaccordsdechloe.com\/?post_type=product&#038;p=2307"},"modified":"2024-03-11T17:38:54","modified_gmt":"2024-03-11T17:38:54","slug":"jean-leonard-bleu","status":"publish","type":"product","link":"https:\/\/lesaccordsdechloe.com\/index.php\/produit\/jean-leonard-bleu\/","title":{"rendered":"Jean L\u00e9onard bleu"},"content":{"rendered":"<h3><strong>Taille<\/strong>\u00a0:<\/h3>\n<p>Longueur \u00e0 l\u2019entrejambe pour un 34 : 62 cm<br \/>\nLe mannequin mesure 1m75 et porte une taille EUR 34 (UK06\/ US02).<br \/>\nCe mod\u00e8le taille normalement, nous vous conseillons de prendre votre taille habituelle.<\/p>\n<h3><strong>D\u00e9tails<\/strong>\u00a0:<\/h3>\n<p>Coupe slouchy<br \/>\nTaille haute et \u00e9lastique<br \/>\nPoches italiennes<br \/>\nFermeture \u00e0 3 boutons<br \/>\nCeinture en jean amovible<\/p>\n<h3><strong>Coloris<\/strong>\u00a0:<\/h3>\n<p>Bleu vintage<\/p>\n<h3><strong>Composition<\/strong> :<\/h3>\n<p>Composition : 98% Coton, 2% Elasthanne<br \/>\nTissu d\u2019\u00e9paisseur moyenne, ne se d\u00e9tend pas<br \/>\nCr\u00e9ation fran\u00e7aise<\/p>\n<h3><strong>Entretien<\/strong>\u00a0:<\/h3>\n<p>Lavage en machine \u00e0 30\u00b0C, s\u00e8che-linge d\u00e9conseill\u00e9<\/p>\n","protected":false},"excerpt":{"rendered":"<p>Optez pour ce jean taille haute fronc\u00e9e qui refl\u00e8te un esprit vintage.\u00a0Portez-le avec toutes vos tenues : chic ou d\u00e9contract\u00e9.\u00a0Portez-le avec le pull\/gilet <a href=\"https:\/\/lesaccordsdechloe.com\/index.php\/produit\/marcel\/\">Marcel<\/a> pour un look casual, vous pouvez l&#8217;accessoiriser avec un collier sautoir.<\/p>\n","protected":false},"featured_media":2401,"comment_status":"open","ping_status":"closed","template":"","meta":{"_glsr_average":0,"_glsr_ranking":0,"_glsr_reviews":0},"product_cat":[184,143],"product_tag":[],"_links":{"self":[{"href":"https:\/\/lesaccordsdechloe.com\/index.php\/wp-json\/wp\/v2\/product\/2307"}],"collection":[{"href":"https:\/\/lesaccordsdechloe.com\/index.php\/wp-json\/wp\/v2\/product"}],"about":[{"href":"https:\/\/lesaccordsdechloe.com\/index.php\/wp-json\/wp\/v2\/types\/product"}],"replies":[{"embeddable":true,"href":"https:\/\/lesaccordsdechloe.com\/index.php\/wp-json\/wp\/v2\/comments?post=2307"}],"wp:featuredmedia":[{"embeddable":true,"href":"https:\/\/lesaccordsdechloe.com\/index.php\/wp-json\/wp\/v2\/media\/2401"}],"wp:attachment":[{"href":"https:\/\/lesaccordsdechloe.com\/index.php\/wp-json\/wp\/v2\/media?parent=2307"}],"wp:term":[{"taxonomy":"product_cat","embeddable":true,"href":"https:\/\/lesaccordsdechloe.com\/index.php\/wp-json\/wp\/v2\/product_cat?post=2307"},{"taxonomy":"product_tag","embeddable":true,"href":"https:\/\/lesaccordsdechloe.com\/index.php\/wp-json\/wp\/v2\/product_tag?post=2307"}],"curies":[{"name":"wp","href":"https:\/\/api.w.org\/{rel}","templated":true}]}}