{"id":2260,"date":"2021-10-08T08:58:18","date_gmt":"2021-10-08T08:58:18","guid":{"rendered":"https:\/\/lesaccordsdechloe.com\/?post_type=product&#038;p=2260"},"modified":"2024-03-15T09:10:12","modified_gmt":"2024-03-15T09:10:12","slug":"sac-celestin","status":"publish","type":"product","link":"https:\/\/lesaccordsdechloe.com\/index.php\/produit\/sac-celestin\/","title":{"rendered":"Sac C\u00e9lestin"},"content":{"rendered":"<h3><strong>Taille :<br \/>\n<\/strong><\/h3>\n<p>Longueur : 20 cm<br \/>\nLargeur : 6 cm<br \/>\nHauteur : 15 cm<strong><br \/>\n<\/strong>Longueur maximale de la anse : 60 cm<strong><br \/>\n<\/strong>Longueur minimale de la anse : 29 cm<\/p>\n<h3><strong>D\u00e9tails<\/strong>\u00a0:<\/h3>\n<p>Sac en bandouli\u00e8re<br \/>\n100% cuir<br \/>\nFermeture zip et pression aimant\u00e9e<br \/>\nPoche int\u00e9rieure<br \/>\nPoche ext\u00e9rieure<\/p>\n<h3><strong>Coloris<\/strong>\u00a0:<\/h3>\n<p>Rouge, Bleu p\u00e9trole et Kaki<\/p>\n<h3><strong>Composition<\/strong>\u00a0:<\/h3>\n<p>Composition : 100% Cuir<br \/>\nPays de confection : Italie<\/p>\n<h3><strong>Entretien :<\/strong><\/h3>\n<p>Machine et s\u00e8che-linge interdit<\/p>\n","protected":false},"excerpt":{"rendered":"<p>Optez pour ce sac en daim, beau et fonctionnel qui deviendra vite votre compagnon quotidien. On aime son design chic et boh\u00e8me. Confiez \u00e0 son int\u00e9rieur vos effets personnels. \u00c0 emporter partout avec soi. Le petit plus : la poche int\u00e9rieure et ext\u00e9rieure. Portez-le \u00e0 l\u2019\u00e9paule court ou long en fonction de vos envies.<\/p>\n","protected":false},"featured_media":2960,"comment_status":"open","ping_status":"closed","template":"","meta":{"_glsr_average":0,"_glsr_ranking":0,"_glsr_reviews":0},"product_cat":[140,143],"product_tag":[],"_links":{"self":[{"href":"https:\/\/lesaccordsdechloe.com\/index.php\/wp-json\/wp\/v2\/product\/2260"}],"collection":[{"href":"https:\/\/lesaccordsdechloe.com\/index.php\/wp-json\/wp\/v2\/product"}],"about":[{"href":"https:\/\/lesaccordsdechloe.com\/index.php\/wp-json\/wp\/v2\/types\/product"}],"replies":[{"embeddable":true,"href":"https:\/\/lesaccordsdechloe.com\/index.php\/wp-json\/wp\/v2\/comments?post=2260"}],"wp:featuredmedia":[{"embeddable":true,"href":"https:\/\/lesaccordsdechloe.com\/index.php\/wp-json\/wp\/v2\/media\/2960"}],"wp:attachment":[{"href":"https:\/\/lesaccordsdechloe.com\/index.php\/wp-json\/wp\/v2\/media?parent=2260"}],"wp:term":[{"taxonomy":"product_cat","embeddable":true,"href":"https:\/\/lesaccordsdechloe.com\/index.php\/wp-json\/wp\/v2\/product_cat?post=2260"},{"taxonomy":"product_tag","embeddable":true,"href":"https:\/\/lesaccordsdechloe.com\/index.php\/wp-json\/wp\/v2\/product_tag?post=2260"}],"curies":[{"name":"wp","href":"https:\/\/api.w.org\/{rel}","templated":true}]}}