{"id":2221,"date":"2021-09-11T15:39:38","date_gmt":"2021-09-11T15:39:38","guid":{"rendered":"https:\/\/lesaccordsdechloe.com\/?post_type=product&#038;p=2221"},"modified":"2024-03-12T20:43:30","modified_gmt":"2024-03-12T20:43:30","slug":"robe-josephine-bleue-fleurs","status":"publish","type":"product","link":"https:\/\/lesaccordsdechloe.com\/index.php\/produit\/robe-josephine-bleue-fleurs\/","title":{"rendered":"Robe Jos\u00e9phine bleue \u00e0 fleurs"},"content":{"rendered":"<h3><strong>Taille<\/strong>\u00a0:<\/h3>\n<p>Longueur pour une taille 0 :\u00a0 89 cm<br \/>\nTour de poitrine : Taille 0 : 98 cm \/ Taille 1 : 102 cm \/ Taille 2 : 108 cm \/ Taille 3 : 112 cm<br \/>\nEpaules : 41 &#8211; 47 cm<br \/>\nLe mannequin mesure 1m75 et porte une taille 0<br \/>\nPrenez votre taille habituelle mais attention : une taille 0 correspond \u00e0 un 36, une taille 1 \u00e0 un 38, une taille 2 \u00e0 un 40 et une taille 3 \u00e0 un 42.<\/p>\n<h3><strong>D\u00e9tails<\/strong>\u00a0:<\/h3>\n<p>Coupe fluide<br \/>\nEncolure \u00e9lastique<br \/>\nCol V<br \/>\nVolant au dessus des genoux<br \/>\nManches resserr\u00e9es au poignet, bouffantes et transparentes<\/p>\n<h3><strong>Coloris<\/strong>\u00a0:<\/h3>\n<p>Imprim\u00e9 floral et \u00e0 pois<\/p>\n<h3><strong>Composition<\/strong> :<\/h3>\n<p>Composition : 100% Polyester<br \/>\nDoublure : 100% Viscose<br \/>\nCr\u00e9ation fran\u00e7aise<\/p>\n<h3><strong>Entretien<\/strong>\u00a0:<\/h3>\n<p>Lavage \u00e0 la main, s\u00e8che-linge d\u00e9conseill\u00e9<\/p>\n","protected":false},"excerpt":{"rendered":"<p>Optez pour la robe Jos\u00e9phine : en plus d&#8217;\u00eatre fluide elle est confortable. Son imprim\u00e9 floral et ses pois argent\u00e9s lui donne un air chic et chaleureux : elle sera votre meilleure amie tout au long de l&#8217;automne et de l&#8217;hiver. Portez-la seule, ceintur\u00e9e ou avec le <a href=\"https:\/\/lesaccordsdechloe.com\/index.php\/produit\/pull-suzie-noir\/\">pull Suzie<\/a>.<\/p>\n","protected":false},"featured_media":2332,"comment_status":"open","ping_status":"closed","template":"","meta":{"_glsr_average":0,"_glsr_ranking":0,"_glsr_reviews":0},"product_cat":[125,143],"product_tag":[157,156,154,153,155,158,159],"_links":{"self":[{"href":"https:\/\/lesaccordsdechloe.com\/index.php\/wp-json\/wp\/v2\/product\/2221"}],"collection":[{"href":"https:\/\/lesaccordsdechloe.com\/index.php\/wp-json\/wp\/v2\/product"}],"about":[{"href":"https:\/\/lesaccordsdechloe.com\/index.php\/wp-json\/wp\/v2\/types\/product"}],"replies":[{"embeddable":true,"href":"https:\/\/lesaccordsdechloe.com\/index.php\/wp-json\/wp\/v2\/comments?post=2221"}],"wp:featuredmedia":[{"embeddable":true,"href":"https:\/\/lesaccordsdechloe.com\/index.php\/wp-json\/wp\/v2\/media\/2332"}],"wp:attachment":[{"href":"https:\/\/lesaccordsdechloe.com\/index.php\/wp-json\/wp\/v2\/media?parent=2221"}],"wp:term":[{"taxonomy":"product_cat","embeddable":true,"href":"https:\/\/lesaccordsdechloe.com\/index.php\/wp-json\/wp\/v2\/product_cat?post=2221"},{"taxonomy":"product_tag","embeddable":true,"href":"https:\/\/lesaccordsdechloe.com\/index.php\/wp-json\/wp\/v2\/product_tag?post=2221"}],"curies":[{"name":"wp","href":"https:\/\/api.w.org\/{rel}","templated":true}]}}