{"id":2217,"date":"2021-09-11T15:25:28","date_gmt":"2021-09-11T15:25:28","guid":{"rendered":"https:\/\/lesaccordsdechloe.com\/?post_type=product&#038;p=2217"},"modified":"2024-03-12T20:43:30","modified_gmt":"2024-03-12T20:43:30","slug":"chemise-capucine-bleue-fleurs","status":"publish","type":"product","link":"https:\/\/lesaccordsdechloe.com\/index.php\/produit\/chemise-capucine-bleue-fleurs\/","title":{"rendered":"Chemise Capucine bleue \u00e0 fleurs"},"content":{"rendered":"<h3><strong>Taille<\/strong>\u00a0:<\/h3>\n<p>Longueur pour une taille 1 : 62 cm<br \/>\nLe mannequin mesure 1m75 et porte une taille 1.<br \/>\nCe mod\u00e8le taille normalement : prenez votre taille habituelle.<\/p>\n<h3><strong>D\u00e9tails<\/strong>\u00a0:<\/h3>\n<p>Coupe droite<br \/>\nManche resserr\u00e9e au poignet<br \/>\nCol rond et claudine<\/p>\n<h3><strong>Coloris<\/strong>\u00a0:<\/h3>\n<p>Imprim\u00e9 fleuri bleu avec quelques nuances argent\u00e9es<\/p>\n<h3><strong>Composition<\/strong>\u00a0:<\/h3>\n<p>Composition : 99% Polyester et 1% Metal<br \/>\nCr\u00e9ation fran\u00e7aise<\/p>\n<h3><strong>Entretien<\/strong>\u00a0:<\/h3>\n<p>Lavage \u00e0 la main conseill\u00e9 et s\u00e8che-linge d\u00e9conseill\u00e9<\/p>\n","protected":false},"excerpt":{"rendered":"<p>Optez pour la chemise Capucine pour un style boh\u00e8me chic. Portez-la avec le jean <a href=\"https:\/\/lesaccordsdechloe.com\/index.php\/produit\/jeans-1\/\">skinny L\u00e9o<\/a> et une paire de baskets pour un look d\u00e9contract\u00e9. Vous pouvez l&#8217;assembler au pull Suzie pour une tenue un peu plus chaude.<\/p>\n","protected":false},"featured_media":2373,"comment_status":"open","ping_status":"closed","template":"","meta":{"_glsr_average":0,"_glsr_ranking":0,"_glsr_reviews":0},"product_cat":[187,143],"product_tag":[161,160,154],"_links":{"self":[{"href":"https:\/\/lesaccordsdechloe.com\/index.php\/wp-json\/wp\/v2\/product\/2217"}],"collection":[{"href":"https:\/\/lesaccordsdechloe.com\/index.php\/wp-json\/wp\/v2\/product"}],"about":[{"href":"https:\/\/lesaccordsdechloe.com\/index.php\/wp-json\/wp\/v2\/types\/product"}],"replies":[{"embeddable":true,"href":"https:\/\/lesaccordsdechloe.com\/index.php\/wp-json\/wp\/v2\/comments?post=2217"}],"wp:featuredmedia":[{"embeddable":true,"href":"https:\/\/lesaccordsdechloe.com\/index.php\/wp-json\/wp\/v2\/media\/2373"}],"wp:attachment":[{"href":"https:\/\/lesaccordsdechloe.com\/index.php\/wp-json\/wp\/v2\/media?parent=2217"}],"wp:term":[{"taxonomy":"product_cat","embeddable":true,"href":"https:\/\/lesaccordsdechloe.com\/index.php\/wp-json\/wp\/v2\/product_cat?post=2217"},{"taxonomy":"product_tag","embeddable":true,"href":"https:\/\/lesaccordsdechloe.com\/index.php\/wp-json\/wp\/v2\/product_tag?post=2217"}],"curies":[{"name":"wp","href":"https:\/\/api.w.org\/{rel}","templated":true}]}}