{"id":1947,"date":"2021-06-13T15:37:36","date_gmt":"2021-06-13T15:37:36","guid":{"rendered":"https:\/\/lesaccordsdechloe.com\/?post_type=product&#038;p=1947"},"modified":"2024-03-17T16:41:40","modified_gmt":"2024-03-17T16:41:40","slug":"jupe-rosalie-fleurs","status":"publish","type":"product","link":"https:\/\/lesaccordsdechloe.com\/index.php\/produit\/jupe-rosalie-fleurs\/","title":{"rendered":"Jupe Rosalie \u00e0 fleurs"},"content":{"rendered":"<h3><strong>Taille<\/strong>\u00a0:<\/h3>\n<p>Longueur pour une taille M\/L : 47 cm<br \/>\nHauteur \u00e9lastique : 5cm<br \/>\nS\/M : minimum \u00e9lastique : 64 cm \/ maximum \u00e9lastique : 94 cm<br \/>\nM\/L : minimum \u00e9lastique : 70 cm \/ maximum \u00e9lastique : 102 cm<br \/>\nLe mannequin mesure 1m71 et porte une taille M\/L<br \/>\nCe mod\u00e8le taille normalement : prenez votre taille habituelle.<\/p>\n<h3><strong>D\u00e9tails<\/strong>\u00a0:<\/h3>\n<p>Taille marqu\u00e9e avec \u00e9lastique<br \/>\nVolant au milieu de la cuisse<br \/>\nCoupe fluide<br \/>\nJupe fronc\u00e9e<br \/>\nImprim\u00e9 fleuri avec des d\u00e9tails velours<\/p>\n<h3><strong>Coloris<\/strong>\u00a0:<\/h3>\n<p>Imprim\u00e9 fleuri<\/p>\n<h3><strong>Composition<\/strong>\u00a0:<\/h3>\n<p>Composition : 100% Polyester<br \/>\nDoublure : 100% Polyester<br \/>\nCr\u00e9ation fran\u00e7aise<\/p>\n<h3><strong>Entretien<\/strong>\u00a0:<\/h3>\n<p>Lavage \u00e0 la main ou \u00e0 30\u00b0C, s\u00e8che-linge d\u00e9conseill\u00e9<\/p>\n","protected":false},"excerpt":{"rendered":"<p>Optez pour la jupe Rosalie qui unie l&#8217;\u00e9l\u00e9gance et la simplicit\u00e9 avec son imprim\u00e9 fleuri f\u00e9minin. Portez-la avec le pull <a href=\"https:\/\/lesaccordsdechloe.com\/index.php\/produit\/suzie\/\">Suzie<\/a> et une paire de bottes pour un look totalement f\u00e9minin.<\/p>\n","protected":false},"featured_media":2402,"comment_status":"open","ping_status":"closed","template":"","meta":{"_glsr_average":0,"_glsr_ranking":0,"_glsr_reviews":0},"product_cat":[122,143],"product_tag":[154,65,162,163,86,142],"_links":{"self":[{"href":"https:\/\/lesaccordsdechloe.com\/index.php\/wp-json\/wp\/v2\/product\/1947"}],"collection":[{"href":"https:\/\/lesaccordsdechloe.com\/index.php\/wp-json\/wp\/v2\/product"}],"about":[{"href":"https:\/\/lesaccordsdechloe.com\/index.php\/wp-json\/wp\/v2\/types\/product"}],"replies":[{"embeddable":true,"href":"https:\/\/lesaccordsdechloe.com\/index.php\/wp-json\/wp\/v2\/comments?post=1947"}],"wp:featuredmedia":[{"embeddable":true,"href":"https:\/\/lesaccordsdechloe.com\/index.php\/wp-json\/wp\/v2\/media\/2402"}],"wp:attachment":[{"href":"https:\/\/lesaccordsdechloe.com\/index.php\/wp-json\/wp\/v2\/media?parent=1947"}],"wp:term":[{"taxonomy":"product_cat","embeddable":true,"href":"https:\/\/lesaccordsdechloe.com\/index.php\/wp-json\/wp\/v2\/product_cat?post=1947"},{"taxonomy":"product_tag","embeddable":true,"href":"https:\/\/lesaccordsdechloe.com\/index.php\/wp-json\/wp\/v2\/product_tag?post=1947"}],"curies":[{"name":"wp","href":"https:\/\/api.w.org\/{rel}","templated":true}]}}